{"id":1369,"date":"2020-02-18T11:31:58","date_gmt":"2020-02-18T10:31:58","guid":{"rendered":"https:\/\/gunnelryner.se\/forelasningar-utbildningar\/arbetsmiljo\/"},"modified":"2022-04-10T10:02:16","modified_gmt":"2022-04-10T08:02:16","slug":"working-environment","status":"publish","type":"page","link":"https:\/\/gunnelryner.se\/en\/working-environment\/","title":{"rendered":"The lazy way to reach your goals"},"content":{"rendered":"\n<h1 class=\"has-text-align-center has-gul-color has-text-color wp-block-heading\">The lazy way to reach your goals<\/h1>\n\n\n\n<hr class=\"wp-block-separator has-text-color has-background has-gul-background-color has-gul-color\"\/>\n\n\n\n<p>Are you looking for an inspiring keynote on personal development, reaching your goals and creating the life you want? Do you want to learn a revolutionary method, that overturns everything you thought you knew about goals and motivation? Gunnel Ryner shows you why motivation and willpower are overrated, and teaches you a much easier way to reach your goals, without the struggle. <\/p>\n\n\n\n<p>Book Gunnel Ryner as your speaker on goals and motivation if you want to gain new insights, be inspired, laugh, and learn practical methods for lifting each other up, reaching your goals and create the lives you want to live &#8211; even when your motivation runs short. <\/p>\n\n\n\n<div style=\"height:75px\" aria-hidden=\"true\" class=\"wp-block-spacer\"><\/div>\n\n\n\n<div class=\"wp-block-group alignfull has-gul-background-color has-background\"><div class=\"wp-block-group__inner-container is-layout-flow wp-block-group-is-layout-flow\">\n<div style=\"height:25px\" aria-hidden=\"true\" class=\"wp-block-spacer\"><\/div>\n\n\n\n<h2 class=\"has-text-align-center has-svart-color has-text-color wp-block-heading\">Keynote description<\/h2>\n\n\n\n<div style=\"height:20px\" aria-hidden=\"true\" class=\"wp-block-spacer\"><\/div>\n<\/div><\/div>\n\n\n\n<div class=\"wp-block-group alignfull has-light-grey-background-color has-background\"><div class=\"wp-block-group__inner-container is-layout-flow wp-block-group-is-layout-flow\">\n<div style=\"height:35px\" aria-hidden=\"true\" class=\"wp-block-spacer\"><\/div>\n\n\n\n<div class=\"wp-block-columns is-layout-flex wp-container-core-columns-is-layout-9d6595d7 wp-block-columns-is-layout-flex\">\n<div class=\"wp-block-column is-layout-flow wp-block-column-is-layout-flow\">\n<p class=\"has-svart-color has-text-color\">Are you tired of fighting an uphill battle and constantly having to rely on your own willpower, motivation and self-discipline? Would you like to learn a smarter, simpler way to get the life you&#8217;ve always dreamed of \u2013 both at home and at work?<\/p>\n\n\n\n<div style=\"height:20px\" aria-hidden=\"true\" class=\"wp-block-spacer\"><\/div>\n\n\n\n<div class=\"wp-block-group\"><div class=\"wp-block-group__inner-container is-layout-flow wp-block-group-is-layout-flow\">\n<figure class=\"wp-block-image size-large\"><img loading=\"lazy\" decoding=\"async\" width=\"1024\" height=\"683\" src=\"https:\/\/gunnelryner.se\/app\/uploads\/2020\/04\/2018-10-mteskulturdagen-409-1024x683.jpg\" alt=\"\" class=\"wp-image-1266\" srcset=\"https:\/\/gunnelryner.se\/app\/uploads\/2020\/04\/2018-10-mteskulturdagen-409-1024x683.jpg 1024w, https:\/\/gunnelryner.se\/app\/uploads\/2020\/04\/2018-10-mteskulturdagen-409-300x200.jpg 300w, https:\/\/gunnelryner.se\/app\/uploads\/2020\/04\/2018-10-mteskulturdagen-409-768x512.jpg 768w, https:\/\/gunnelryner.se\/app\/uploads\/2020\/04\/2018-10-mteskulturdagen-409-1536x1024.jpg 1536w, https:\/\/gunnelryner.se\/app\/uploads\/2020\/04\/2018-10-mteskulturdagen-409-600x400.jpg 600w, https:\/\/gunnelryner.se\/app\/uploads\/2020\/04\/2018-10-mteskulturdagen-409-150x100.jpg 150w, https:\/\/gunnelryner.se\/app\/uploads\/2020\/04\/2018-10-mteskulturdagen-409.jpg 1575w\" sizes=\"auto, (max-width: 1024px) 100vw, 1024px\" \/><\/figure>\n<\/div><\/div>\n<\/div>\n\n\n\n<div class=\"wp-block-column is-layout-flow wp-block-column-is-layout-flow\">\n<p class=\"has-svart-color has-text-color\">Gunnel Ryner overturns the traditional view of self-development and success, in which it&#8217;s all about you, and instead shows how you can create an environment \u2013 with the right people, things, places, conditions and ideas \u2013 that simply draws you in the direction you want to go.<\/p>\n\n\n\n<p class=\"has-svart-color has-text-color\">With a light-hearted blend of science, humour and relevant examples, she demonstrates the positive aspects of laziness and shows how the right environment is more important than willpower. Gunnel also provides you with a step-by-step method that makes it easy and fun to get where you want, both in your own life and together with your colleagues at work.<\/p>\n\n\n\n<p class=\"has-svart-color has-text-color\">The keynote is based on Gunnel&#8217;s book&nbsp;<a href=\"https:\/\/gunnelryner.se\/en\/books\/\">&#8220;The Lazy way to a wonderful life &#8211; at home and at work&#8221; <\/a><\/p>\n<\/div>\n<\/div>\n\n\n\n<div style=\"height:50px\" aria-hidden=\"true\" class=\"wp-block-spacer\"><\/div>\n<\/div><\/div>\n\n\n\n<div class=\"wp-block-group alignfull has-gul-background-color has-background\"><div class=\"wp-block-group__inner-container is-layout-flow wp-block-group-is-layout-flow\">\n<div style=\"height:25px\" aria-hidden=\"true\" class=\"wp-block-spacer\"><\/div>\n\n\n\n<h2 class=\"has-text-align-center has-svart-color has-text-color wp-block-heading\">Happy customers<\/h2>\n\n\n\n<div style=\"height:20px\" aria-hidden=\"true\" class=\"wp-block-spacer\"><\/div>\n<\/div><\/div>\n\n\n\n<div class=\"wp-block-group alignfull has-vit-background-color has-background\"><div class=\"wp-block-group__inner-container is-layout-flow wp-block-group-is-layout-flow\">\n<div style=\"height:45px\" aria-hidden=\"true\" class=\"wp-block-spacer\"><\/div>\n\n\n\n<div id=\"citat-block-block_5e4e667d4bdb2\" class=\"citat-block\">\n        <div class=\"citat-slider\">\n                <div class=\"slick-slide\">\n            <div class=\"citat-content\">\n                <p>&#8221; Thank you so much for the fantastic contribution you made at the CIDESCO International\u00b4s Schools &amp; Examiners meeting. I was most impressed by the way you referred to scientific research, motivated the audience and mixed it all with a great sense of humor.\u00a0I knew you would do an outstanding job and you lived up to and exceeded our expectations! &#8220;<\/p>\n                <h4>Anna-Cari Gund<\/h4>\n                <p class=\"citat-jobb-title\">President, Cidesco<\/p>\n            <\/div>\n        <\/div>\n                <div class=\"slick-slide\">\n            <div class=\"citat-content\">\n                <p>&#8221; I want to send a HUGE THANK YOU for your fantastic keynote for us at The Body Shop! YOU were very appreciated and we have started a true positive revolution in my entire district! We have come into a marvellous FLOW which can be noted both among the employees but also in our numbers! Many thanks!!!&#8221;<\/p>\n                <h4>Carina Rosenblad<\/h4>\n                <p class=\"citat-jobb-title\">District Sales Manager, The Body Shop<\/p>\n            <\/div>\n        <\/div>\n                <div class=\"slick-slide\">\n            <div class=\"citat-content\">\n                <p>&#8221; Thank you for a truly amazing keynote! We have already started to implement your ideas in the organization. For instance, we had our best staff meeting in a long time this morning, when everyone started by sharing the positive things that happened last week. Your speech couldn&#8217;t have had better timing &#8211; many thanks!&#8221;<\/p>\n                <h4>Ted Wallin<\/h4>\n                <p class=\"citat-jobb-title\">Business Director, Gambit<\/p>\n            <\/div>\n        <\/div>\n                <div class=\"slick-slide\">\n            <div class=\"citat-content\">\n                <p>&#8221; Gunnel&#8217;s inspirational keynote is one of the best I have heard. Gunnel is down-to-earth, tasteful and personal and with lots of humour she delivers spot-on truths that landed very well in our organisation. In addition to giving inspiration and joyful laughter she also gave us some simple tools to apply in our everyday work life. We have started our positive revolution! &#8220;<\/p>\n                <h4>Katarina T\u00f6rnros<\/h4>\n                <p class=\"citat-jobb-title\">Regional Manager, LRF Konsult<\/p>\n            <\/div>\n        <\/div>\n                <div class=\"slick-slide\">\n            <div class=\"citat-content\">\n                <p>&#8221; Gunnel Ryner is one of the best speakers we have hired for Kvalitetsmagasinet Live. By mixing theory and vivid examples, delivered with a great sense of humour, she helps everyone see how a positive approach can take your organization to a whole new level.&#8221;<\/p>\n                <h4>Anna Nystr\u00f6m<\/h4>\n                <p class=\"citat-jobb-title\">Chief Editor, Kvalitetsmagasinet<\/p>\n            <\/div>\n        <\/div>\n                <div class=\"slick-slide\">\n            <div class=\"citat-content\">\n                <p>&#8221; A huge THANK YOU for your incredibly energizing and positive keynote! It completely blew me away! So professional, so sweet, such an amazing talk! Your wonderful charisma and your positive message really gave me a huge energy boost. THANK YOU!!!. &#8220;<\/p>\n                <h4>Sanna Th\u00f6rnholm<\/h4>\n                <p class=\"citat-jobb-title\">Owner, Soliv H\u00e4lsof\u00f6retaget<\/p>\n            <\/div>\n        <\/div>\n                <div class=\"slick-slide\">\n            <div class=\"citat-content\">\n                <p>&#8221; Thank you for an amazing keynote and workshop, you lifted the entire team and helped us shift our focus, from getting stuck in the negative to start thinking about what works well. Already on the following Monday, some members of our staff started to share positive experiences.&#8221;<\/p>\n                <h4>Valentina Trpezanovska<\/h4>\n                <p class=\"citat-jobb-title\">Manager Omr\u00e5de Varberg, N\u00e4rsjukv\u00e5rden Halland<\/p>\n            <\/div>\n        <\/div>\n                <div class=\"slick-slide\">\n            <div class=\"citat-content\">\n                <p>&#8221; Many thanks for a great speech that gave lots of wisdom and insights to the audience! Serious parts mixed with humour, delivered in such a masterful, light-hearted way. Focusing on the positive has definitely stuck with our entire team. A+ from us all!&#8221;<\/p>\n                <h4>Sofia Sestorp<\/h4>\n                <p class=\"citat-jobb-title\">Business Manager, Kinda Ydre Sparbank<\/p>\n            <\/div>\n        <\/div>\n                <div class=\"slick-slide\">\n            <div class=\"citat-content\">\n                <p>&#8221; A nuclear power plant should of course put effort into preventing and fixing deviations, but our processes can become even better if we also include our successes in our development work. Thank you for that insight, Gunnel &#8211; you were a true source of inspiration!  &#8220;<\/p>\n                <h4>Cecilia Lindmark<\/h4>\n                <p class=\"citat-jobb-title\">Safety Engineer, Forsmark Kraftgrupp AB<\/p>\n            <\/div>\n        <\/div>\n                <div class=\"slick-slide\">\n            <div class=\"citat-content\">\n                <p>&#8221; The inspirational speech about Appreciative Leadership for our group of administrative managers was followed by a strengths-based workshop, where we explored our own good examples. A fantastic day with lots of new knowledge and the opportunity to practise and reflect. A HUGE THANK YOU, Gunnel for a CONTENT-RICH TALK and a VERY INSPIRING WORKSHOP!!!!! &#8220;<\/p>\n                <h4>Anne-Li Silberk<\/h4>\n                <p class=\"citat-jobb-title\">Administrative Manager, Link\u00f6ping University<\/p>\n            <\/div>\n        <\/div>\n            <\/div>\n    <\/div>\n\n\n<div style=\"height:25px\" aria-hidden=\"true\" class=\"wp-block-spacer\"><\/div>\n\n\n\n<div class=\"wp-block-buttons is-content-justification-center is-layout-flex wp-container-core-buttons-is-layout-16018d1d wp-block-buttons-is-layout-flex\">\n<div class=\"wp-block-button\"><a class=\"wp-block-button__link has-neon-gron-background-color has-background\" href=\"https:\/\/gunnelryner.se\/en\/references\/\">Read more about what my customers say<\/a><\/div>\n<\/div>\n\n\n\n<div style=\"height:20px\" aria-hidden=\"true\" class=\"wp-block-spacer\"><\/div>\n<\/div><\/div>\n\n\n\n<div class=\"wp-block-group alignfull\"><div class=\"wp-block-group__inner-container is-layout-flow wp-block-group-is-layout-flow\">\n<div style=\"height:50px\" aria-hidden=\"true\" class=\"wp-block-spacer\"><\/div>\n\n\n\n<div class=\"wp-block-button aligncenter\"><a class=\"wp-block-button__link has-neon-gron-background-color has-background\" href=\"https:\/\/gunnelryner.se\/en\/contact\/\" style=\"border-radius:8px\">Want to know more? Contact Gunnel<\/a><\/div>\n\n\n\n<div style=\"height:50px\" aria-hidden=\"true\" class=\"wp-block-spacer\"><\/div>\n<\/div><\/div>\n","protected":false},"excerpt":{"rendered":"<p>The lazy way to reach your goals Are you looking for an inspiring keynote on personal development, reaching your goals and creating the life you want? Do you want to learn a revolutionary method, that overturns everything you thought you knew about goals and motivation? Gunnel Ryner shows you why motivation and willpower are overrated, [&hellip;]<\/p>\n","protected":false},"author":1,"featured_media":373,"parent":0,"menu_order":0,"comment_status":"closed","ping_status":"closed","template":"","meta":{"_acf_changed":false,"footnotes":""},"class_list":["post-1369","page","type-page","status-publish","has-post-thumbnail","hentry"],"acf":[],"yoast_head":"<!-- This site is optimized with the Yoast SEO plugin v27.4 - https:\/\/yoast.com\/product\/yoast-seo-wordpress\/ -->\n<title>Keynote speaker | The lazy way to reach your goals | Gunnel Ryner<\/title>\n<meta name=\"description\" content=\"Book Gunnel Ryner as your keynote speaker on reaching goals - the lazy way. Motivation is overrated, the right environment is more important!\" \/>\n<meta name=\"robots\" content=\"index, follow, max-snippet:-1, max-image-preview:large, max-video-preview:-1\" \/>\n<link rel=\"canonical\" href=\"https:\/\/gunnelryner.se\/en\/working-environment\/\" \/>\n<meta property=\"og:locale\" content=\"en_US\" \/>\n<meta property=\"og:type\" content=\"article\" \/>\n<meta property=\"og:title\" content=\"Keynote speaker | The lazy way to reach your goals | Gunnel Ryner\" \/>\n<meta property=\"og:description\" content=\"Book Gunnel Ryner as your keynote speaker on reaching goals - the lazy way. Motivation is overrated, the right environment is more important!\" \/>\n<meta property=\"og:url\" content=\"https:\/\/gunnelryner.se\/en\/working-environment\/\" \/>\n<meta property=\"og:site_name\" content=\"Gunnel Ryner\" \/>\n<meta property=\"article:modified_time\" content=\"2022-04-10T08:02:16+00:00\" \/>\n<meta property=\"og:image\" content=\"https:\/\/gunnelryner.se\/app\/uploads\/2020\/02\/27976587-3txj3.jpg\" \/>\n\t<meta property=\"og:image:width\" content=\"1575\" \/>\n\t<meta property=\"og:image:height\" content=\"788\" \/>\n\t<meta property=\"og:image:type\" content=\"image\/jpeg\" \/>\n<meta name=\"twitter:card\" content=\"summary_large_image\" \/>\n<meta name=\"twitter:label1\" content=\"Est. reading time\" \/>\n\t<meta name=\"twitter:data1\" content=\"2 minutes\" \/>\n<script type=\"application\/ld+json\" class=\"yoast-schema-graph\">{\"@context\":\"https:\\\/\\\/schema.org\",\"@graph\":[{\"@type\":\"WebPage\",\"@id\":\"https:\\\/\\\/gunnelryner.se\\\/en\\\/working-environment\\\/\",\"url\":\"https:\\\/\\\/gunnelryner.se\\\/en\\\/working-environment\\\/\",\"name\":\"Keynote speaker | The lazy way to reach your goals | Gunnel Ryner\",\"isPartOf\":{\"@id\":\"https:\\\/\\\/gunnelryner.se\\\/#website\"},\"primaryImageOfPage\":{\"@id\":\"https:\\\/\\\/gunnelryner.se\\\/en\\\/working-environment\\\/#primaryimage\"},\"image\":{\"@id\":\"https:\\\/\\\/gunnelryner.se\\\/en\\\/working-environment\\\/#primaryimage\"},\"thumbnailUrl\":\"https:\\\/\\\/gunnelryner.se\\\/app\\\/uploads\\\/2020\\\/02\\\/27976587-3txj3.jpg\",\"datePublished\":\"2020-02-18T10:31:58+00:00\",\"dateModified\":\"2022-04-10T08:02:16+00:00\",\"description\":\"Book Gunnel Ryner as your keynote speaker on reaching goals - the lazy way. Motivation is overrated, the right environment is more important!\",\"breadcrumb\":{\"@id\":\"https:\\\/\\\/gunnelryner.se\\\/en\\\/working-environment\\\/#breadcrumb\"},\"inLanguage\":\"en-US\",\"potentialAction\":[{\"@type\":\"ReadAction\",\"target\":[\"https:\\\/\\\/gunnelryner.se\\\/en\\\/working-environment\\\/\"]}]},{\"@type\":\"ImageObject\",\"inLanguage\":\"en-US\",\"@id\":\"https:\\\/\\\/gunnelryner.se\\\/en\\\/working-environment\\\/#primaryimage\",\"url\":\"https:\\\/\\\/gunnelryner.se\\\/app\\\/uploads\\\/2020\\\/02\\\/27976587-3txj3.jpg\",\"contentUrl\":\"https:\\\/\\\/gunnelryner.se\\\/app\\\/uploads\\\/2020\\\/02\\\/27976587-3txj3.jpg\",\"width\":1575,\"height\":788,\"caption\":\"Gunnel ryner f\u00f6rel\u00e4sning om arbestmilj\u00f6\"},{\"@type\":\"BreadcrumbList\",\"@id\":\"https:\\\/\\\/gunnelryner.se\\\/en\\\/working-environment\\\/#breadcrumb\",\"itemListElement\":[{\"@type\":\"ListItem\",\"position\":1,\"name\":\"Hem\",\"item\":\"https:\\\/\\\/gunnelryner.se\\\/en\\\/\"},{\"@type\":\"ListItem\",\"position\":2,\"name\":\"The lazy way to reach your goals\"}]},{\"@type\":\"WebSite\",\"@id\":\"https:\\\/\\\/gunnelryner.se\\\/#website\",\"url\":\"https:\\\/\\\/gunnelryner.se\\\/\",\"name\":\"Gunnel Ryner\",\"description\":\"Boka f\u00f6rel\u00e4sare Gunnel Ryner | Fokus p\u00e5 l\u00f6sningar &amp; styrkor\",\"potentialAction\":[{\"@type\":\"SearchAction\",\"target\":{\"@type\":\"EntryPoint\",\"urlTemplate\":\"https:\\\/\\\/gunnelryner.se\\\/?s={search_term_string}\"},\"query-input\":{\"@type\":\"PropertyValueSpecification\",\"valueRequired\":true,\"valueName\":\"search_term_string\"}}],\"inLanguage\":\"en-US\"}]}<\/script>\n<!-- \/ Yoast SEO plugin. -->","yoast_head_json":{"title":"Keynote speaker | The lazy way to reach your goals | Gunnel Ryner","description":"Book Gunnel Ryner as your keynote speaker on reaching goals - the lazy way. Motivation is overrated, the right environment is more important!","robots":{"index":"index","follow":"follow","max-snippet":"max-snippet:-1","max-image-preview":"max-image-preview:large","max-video-preview":"max-video-preview:-1"},"canonical":"https:\/\/gunnelryner.se\/en\/working-environment\/","og_locale":"en_US","og_type":"article","og_title":"Keynote speaker | The lazy way to reach your goals | Gunnel Ryner","og_description":"Book Gunnel Ryner as your keynote speaker on reaching goals - the lazy way. Motivation is overrated, the right environment is more important!","og_url":"https:\/\/gunnelryner.se\/en\/working-environment\/","og_site_name":"Gunnel Ryner","article_modified_time":"2022-04-10T08:02:16+00:00","og_image":[{"width":1575,"height":788,"url":"https:\/\/gunnelryner.se\/app\/uploads\/2020\/02\/27976587-3txj3.jpg","type":"image\/jpeg"}],"twitter_card":"summary_large_image","twitter_misc":{"Est. reading time":"2 minutes"},"schema":{"@context":"https:\/\/schema.org","@graph":[{"@type":"WebPage","@id":"https:\/\/gunnelryner.se\/en\/working-environment\/","url":"https:\/\/gunnelryner.se\/en\/working-environment\/","name":"Keynote speaker | The lazy way to reach your goals | Gunnel Ryner","isPartOf":{"@id":"https:\/\/gunnelryner.se\/#website"},"primaryImageOfPage":{"@id":"https:\/\/gunnelryner.se\/en\/working-environment\/#primaryimage"},"image":{"@id":"https:\/\/gunnelryner.se\/en\/working-environment\/#primaryimage"},"thumbnailUrl":"https:\/\/gunnelryner.se\/app\/uploads\/2020\/02\/27976587-3txj3.jpg","datePublished":"2020-02-18T10:31:58+00:00","dateModified":"2022-04-10T08:02:16+00:00","description":"Book Gunnel Ryner as your keynote speaker on reaching goals - the lazy way. Motivation is overrated, the right environment is more important!","breadcrumb":{"@id":"https:\/\/gunnelryner.se\/en\/working-environment\/#breadcrumb"},"inLanguage":"en-US","potentialAction":[{"@type":"ReadAction","target":["https:\/\/gunnelryner.se\/en\/working-environment\/"]}]},{"@type":"ImageObject","inLanguage":"en-US","@id":"https:\/\/gunnelryner.se\/en\/working-environment\/#primaryimage","url":"https:\/\/gunnelryner.se\/app\/uploads\/2020\/02\/27976587-3txj3.jpg","contentUrl":"https:\/\/gunnelryner.se\/app\/uploads\/2020\/02\/27976587-3txj3.jpg","width":1575,"height":788,"caption":"Gunnel ryner f\u00f6rel\u00e4sning om arbestmilj\u00f6"},{"@type":"BreadcrumbList","@id":"https:\/\/gunnelryner.se\/en\/working-environment\/#breadcrumb","itemListElement":[{"@type":"ListItem","position":1,"name":"Hem","item":"https:\/\/gunnelryner.se\/en\/"},{"@type":"ListItem","position":2,"name":"The lazy way to reach your goals"}]},{"@type":"WebSite","@id":"https:\/\/gunnelryner.se\/#website","url":"https:\/\/gunnelryner.se\/","name":"Gunnel Ryner","description":"Boka f\u00f6rel\u00e4sare Gunnel Ryner | Fokus p\u00e5 l\u00f6sningar &amp; styrkor","potentialAction":[{"@type":"SearchAction","target":{"@type":"EntryPoint","urlTemplate":"https:\/\/gunnelryner.se\/?s={search_term_string}"},"query-input":{"@type":"PropertyValueSpecification","valueRequired":true,"valueName":"search_term_string"}}],"inLanguage":"en-US"}]}},"_links":{"self":[{"href":"https:\/\/gunnelryner.se\/en\/wp-json\/wp\/v2\/pages\/1369","targetHints":{"allow":["GET"]}}],"collection":[{"href":"https:\/\/gunnelryner.se\/en\/wp-json\/wp\/v2\/pages"}],"about":[{"href":"https:\/\/gunnelryner.se\/en\/wp-json\/wp\/v2\/types\/page"}],"author":[{"embeddable":true,"href":"https:\/\/gunnelryner.se\/en\/wp-json\/wp\/v2\/users\/1"}],"replies":[{"embeddable":true,"href":"https:\/\/gunnelryner.se\/en\/wp-json\/wp\/v2\/comments?post=1369"}],"version-history":[{"count":5,"href":"https:\/\/gunnelryner.se\/en\/wp-json\/wp\/v2\/pages\/1369\/revisions"}],"predecessor-version":[{"id":2513,"href":"https:\/\/gunnelryner.se\/en\/wp-json\/wp\/v2\/pages\/1369\/revisions\/2513"}],"wp:featuredmedia":[{"embeddable":true,"href":"https:\/\/gunnelryner.se\/en\/wp-json\/wp\/v2\/media\/373"}],"wp:attachment":[{"href":"https:\/\/gunnelryner.se\/en\/wp-json\/wp\/v2\/media?parent=1369"}],"curies":[{"name":"wp","href":"https:\/\/api.w.org\/{rel}","templated":true}]}}