{"id":1374,"date":"2020-02-18T11:31:38","date_gmt":"2020-02-18T10:31:38","guid":{"rendered":"https:\/\/gunnelryner.se\/forelasningar-utbildningar\/styrkebaserat-ledarskap-uppskattande-ledarskap\/"},"modified":"2020-05-07T21:59:45","modified_gmt":"2020-05-07T19:59:45","slug":"strengthsbased-leadership-appreciative-leadership","status":"publish","type":"page","link":"https:\/\/gunnelryner.se\/en\/strengthsbased-leadership-appreciative-leadership\/","title":{"rendered":"Strengths-based\/Appreciative leadership"},"content":{"rendered":"\n<h1 class=\"has-gul-color has-text-color has-text-align-center wp-block-heading\">Strengths-based\/Appreciative leadership <\/h1>\n\n\n\n<hr class=\"wp-block-separator has-text-color has-background has-gul-background-color has-gul-color\"\/>\n\n\n\n<p>Are you looking for an inspiring leadership talk? With a speaker who teaches you ideas, methods and practical tools, based on scientific resarch, in an entertaining, funny and engaging way?<\/p>\n\n\n\n<p>Gunnel Ryner speaks about strengths-based\/appreciative leadership; leadership that focuses on what works well, strengths and successes, and how we can do even more of what moves us in the right direction. Learn how you can create a workplace with proud, engaged and happy employees, who lift each other up and create extraordinary results. <\/p>\n\n\n\n<p>Book Gunnel Ryner as a speaker for your next leadership programme or conference if you want to take you leadership to the next level!<\/p>\n\n\n\n<div style=\"height:75px\" aria-hidden=\"true\" class=\"wp-block-spacer\"><\/div>\n\n\n\n<div class=\"wp-block-group alignfull has-gul-background-color has-background\"><div class=\"wp-block-group__inner-container is-layout-flow wp-block-group-is-layout-flow\">\n<div style=\"height:25px\" aria-hidden=\"true\" class=\"wp-block-spacer\"><\/div>\n\n\n\n<h2 class=\"has-svart-color has-text-color has-text-align-center wp-block-heading\">Keynote: <br>Strengths-based leadership &#8211; how to bring out the best in your team<\/h2>\n\n\n\n<div style=\"height:20px\" aria-hidden=\"true\" class=\"wp-block-spacer\"><\/div>\n<\/div><\/div>\n\n\n\n<div class=\"wp-block-group alignfull has-light-grey-background-color has-background\"><div class=\"wp-block-group__inner-container is-layout-flow wp-block-group-is-layout-flow\">\n<div style=\"height:35px\" aria-hidden=\"true\" class=\"wp-block-spacer\"><\/div>\n\n\n\n<div class=\"wp-block-columns is-layout-flex wp-container-core-columns-is-layout-9d6595d7 wp-block-columns-is-layout-flex\">\n<div class=\"wp-block-column is-layout-flow wp-block-column-is-layout-flow\">\n<p class=\"has-text-color has-svart-color\">Most leaders working with development, regardless of context, use a problem-solving approach. They look for problems, errors and shortcomings and think that if we just fix what is bad, things will automatically become great. But that\u2019s not the case \u2013 if we simply remove a problem, we will only get to OK, non-problem. And this isn\u2019t development \u2013 it\u2019s&nbsp;damage control.<\/p>\n\n\n\n<div style=\"height:20px\" aria-hidden=\"true\" class=\"wp-block-spacer\"><\/div>\n\n\n\n<figure class=\"wp-block-image size-large\"><img loading=\"lazy\" decoding=\"async\" width=\"682\" height=\"1024\" src=\"https:\/\/gunnelryner.se\/app\/uploads\/2020\/04\/2014-04-mteskulturdagen-566-682x1024.jpg\" alt=\"Gunnel Ryner\" class=\"wp-image-1329\" srcset=\"https:\/\/gunnelryner.se\/app\/uploads\/2020\/04\/2014-04-mteskulturdagen-566-682x1024.jpg 682w, https:\/\/gunnelryner.se\/app\/uploads\/2020\/04\/2014-04-mteskulturdagen-566-200x300.jpg 200w, https:\/\/gunnelryner.se\/app\/uploads\/2020\/04\/2014-04-mteskulturdagen-566-768x1152.jpg 768w, https:\/\/gunnelryner.se\/app\/uploads\/2020\/04\/2014-04-mteskulturdagen-566-150x225.jpg 150w, https:\/\/gunnelryner.se\/app\/uploads\/2020\/04\/2014-04-mteskulturdagen-566.jpg 787w\" sizes=\"auto, (max-width: 682px) 100vw, 682px\" \/><\/figure>\n<\/div>\n\n\n\n<div class=\"wp-block-column is-vertically-aligned-top is-layout-flow wp-block-column-is-layout-flow\">\n<p class=\"has-text-color has-svart-color\">Do you want real, positive and sustainable development? Do you want to create a workplace characterised by pride, happiness, engagement and creativity, where people perform at their best and reach exceptional results?<\/p>\n\n\n\n<p class=\"has-text-color has-svart-color\">Gunnel Ryner gives you the tools you need to create a strengths-based company culture \u2013 a culture that will lead to business success.<\/p>\n\n\n\n<p class=\"has-text-color has-svart-color\">The keynote is based on research in the fields of Positive Psychology and Positive Organisational Science, and on strengths-based approaches like Solution Focus and&nbsp;Appreciative Inqury (AI). AI is a method for developing individuals, teams and organisations based on what they already do right. By exploring what we do well,&nbsp;we can learn more about&nbsp;which behaviours and actions contribute to success, and&nbsp;create even more success. The keynote can be combined with an AI workshop, where you explore your own success stories and generate new ideas for an even better future.<\/p>\n\n\n\n<p class=\"has-text-color has-svart-color\">Major topics covered:<\/p>\n\n\n\n<ul class=\"wp-block-list\"><li>Problem-based vs Strengths-based methods &#8211; suitable for different situations <\/li><li>The importance of positive communication to create successful teams<\/li><li>Flip problems to positive goals<\/li><li>Explore and learn from your successes, not just from your failures<\/li><li>Have an appreciative mindset \u2013 search for what&#8217;s right, not for what&#8217;s wrong<\/li><li>Build on and utilise individual strengths \u2013 strengths, not weaknesses, is what makes an individual successful<\/li><\/ul>\n<\/div>\n<\/div>\n\n\n\n<div style=\"height:40px\" aria-hidden=\"true\" class=\"wp-block-spacer\"><\/div>\n<\/div><\/div>\n\n\n\n<div style=\"height:75px\" aria-hidden=\"true\" class=\"wp-block-spacer\"><\/div>\n\n\n\n<div class=\"wp-block-group frame\"><div class=\"wp-block-group__inner-container is-layout-flow wp-block-group-is-layout-flow\">\n<iframe loading=\"lazy\" width=\"644\" height=\"362\" data-cookieconsent=\"statistics, marketing\" data-src=\"https:\/\/www.youtube.com\/embed\/ApiMTpD3iXI\" frameborder=\"0\" allow=\"accelerometer; autoplay; encrypted-media; gyroscope; picture-in-picture\" allowfullscreen=\"\"><\/iframe><div class=\"cookieconsent-optout-statistics cookieconsent-optout-marketing\">\t\t\t\t\t\tWanna se the video?\r\n<a href=\"javascript:Cookiebot.renew()\">Accept cookies<\/a>\t\t\t\t\t\t\t\t\t\t\t\t<\/div>\n<\/div><\/div>\n\n\n\n<div style=\"height:75px\" aria-hidden=\"true\" class=\"wp-block-spacer\"><\/div>\n\n\n\n<div class=\"wp-block-group alignfull has-gul-background-color has-background\"><div class=\"wp-block-group__inner-container is-layout-flow wp-block-group-is-layout-flow\">\n<div style=\"height:25px\" aria-hidden=\"true\" class=\"wp-block-spacer\"><\/div>\n\n\n\n<h2 class=\"has-text-align-center wp-block-heading\">Happy customers<\/h2>\n\n\n\n<div style=\"height:20px\" aria-hidden=\"true\" class=\"wp-block-spacer\"><\/div>\n<\/div><\/div>\n\n\n\n<div class=\"wp-block-group alignfull has-vit-background-color has-background\"><div class=\"wp-block-group__inner-container is-layout-flow wp-block-group-is-layout-flow\">\n<div style=\"height:45px\" aria-hidden=\"true\" class=\"wp-block-spacer\"><\/div>\n\n\n\n<div id=\"citat-block-block_5eb458f33cc92\" class=\"citat-block\">\n        <div class=\"citat-slider\">\n                <div class=\"slick-slide\">\n            <div class=\"citat-content\">\n                <p>&#8221; Thank you so much for the fantastic contribution you made at the CIDESCO International\u00b4s Schools &amp; Examiners meeting. I was most impressed by the way you referred to scientific research, motivated the audience and mixed it all with a great sense of humor.\u00a0I knew you would do an outstanding job and you lived up to and exceeded our expectations! &#8220;<\/p>\n                <h4>Anna-Cari Gund<\/h4>\n                <p class=\"citat-jobb-title\">President, Cidesco<\/p>\n            <\/div>\n        <\/div>\n                <div class=\"slick-slide\">\n            <div class=\"citat-content\">\n                <p>&#8221; I want to send a HUGE THANK YOU for your fantastic keynote for us at The Body Shop! YOU were very appreciated and we have started a true positive revolution in my entire district! We have come into a marvellous FLOW which can be noted both among the employees but also in our numbers! Many thanks!!!&#8221;<\/p>\n                <h4>Carina Rosenblad<\/h4>\n                <p class=\"citat-jobb-title\">District Sales Manager, The Body Shop<\/p>\n            <\/div>\n        <\/div>\n                <div class=\"slick-slide\">\n            <div class=\"citat-content\">\n                <p>&#8221; Thank you for a truly amazing keynote! We have already started to implement your ideas in the organization. For instance, we had our best staff meeting in a long time this morning, when everyone started by sharing the positive things that happened last week. Your speech couldn&#8217;t have had better timing &#8211; many thanks!&#8221;<\/p>\n                <h4>Ted Wallin<\/h4>\n                <p class=\"citat-jobb-title\">Business Director, Gambit<\/p>\n            <\/div>\n        <\/div>\n                <div class=\"slick-slide\">\n            <div class=\"citat-content\">\n                <p>&#8221; Gunnel&#8217;s inspirational keynote is one of the best I have heard. Gunnel is down-to-earth, tasteful and personal and with lots of humour she delivers spot-on truths that landed very well in our organisation. In addition to giving inspiration and joyful laughter she also gave us some simple tools to apply in our everyday work life. We have started our positive revolution! &#8220;<\/p>\n                <h4>Katarina T\u00f6rnros<\/h4>\n                <p class=\"citat-jobb-title\">Regional Manager, LRF Konsult<\/p>\n            <\/div>\n        <\/div>\n                <div class=\"slick-slide\">\n            <div class=\"citat-content\">\n                <p>&#8221; Gunnel Ryner is one of the best speakers we have hired for Kvalitetsmagasinet Live. By mixing theory and vivid examples, delivered with a great sense of humour, she helps everyone see how a positive approach can take your organization to a whole new level.&#8221;<\/p>\n                <h4>Anna Nystr\u00f6m<\/h4>\n                <p class=\"citat-jobb-title\">Chief Editor, Kvalitetsmagasinet<\/p>\n            <\/div>\n        <\/div>\n                <div class=\"slick-slide\">\n            <div class=\"citat-content\">\n                <p>&#8221; A huge THANK YOU for your incredibly energizing and positive keynote! It completely blew me away! So professional, so sweet, such an amazing talk! Your wonderful charisma and your positive message really gave me a huge energy boost. THANK YOU!!!. &#8220;<\/p>\n                <h4>Sanna Th\u00f6rnholm<\/h4>\n                <p class=\"citat-jobb-title\">Owner, Soliv H\u00e4lsof\u00f6retaget<\/p>\n            <\/div>\n        <\/div>\n                <div class=\"slick-slide\">\n            <div class=\"citat-content\">\n                <p>&#8221; Thank you for an amazing keynote and workshop, you lifted the entire team and helped us shift our focus, from getting stuck in the negative to start thinking about what works well. Already on the following Monday, some members of our staff started to share positive experiences.&#8221;<\/p>\n                <h4>Valentina Trpezanovska<\/h4>\n                <p class=\"citat-jobb-title\">Manager Omr\u00e5de Varberg, N\u00e4rsjukv\u00e5rden Halland<\/p>\n            <\/div>\n        <\/div>\n                <div class=\"slick-slide\">\n            <div class=\"citat-content\">\n                <p>&#8221; Many thanks for a great speech that gave lots of wisdom and insights to the audience! Serious parts mixed with humour, delivered in such a masterful, light-hearted way. Focusing on the positive has definitely stuck with our entire team. A+ from us all!&#8221;<\/p>\n                <h4>Sofia Sestorp<\/h4>\n                <p class=\"citat-jobb-title\">Business Manager, Kinda Ydre Sparbank<\/p>\n            <\/div>\n        <\/div>\n                <div class=\"slick-slide\">\n            <div class=\"citat-content\">\n                <p>&#8221; A nuclear power plant should of course put effort into preventing and fixing deviations, but our processes can become even better if we also include our successes in our development work. Thank you for that insight, Gunnel &#8211; you were a true source of inspiration!  &#8220;<\/p>\n                <h4>Cecilia Lindmark<\/h4>\n                <p class=\"citat-jobb-title\">Safety Engineer, Forsmark Kraftgrupp AB<\/p>\n            <\/div>\n        <\/div>\n                <div class=\"slick-slide\">\n            <div class=\"citat-content\">\n                <p>&#8221; The inspirational speech about Appreciative Leadership for our group of administrative managers was followed by a strengths-based workshop, where we explored our own good examples. A fantastic day with lots of new knowledge and the opportunity to practise and reflect. A HUGE THANK YOU, Gunnel for a CONTENT-RICH TALK and a VERY INSPIRING WORKSHOP!!!!! &#8220;<\/p>\n                <h4>Anne-Li Silberk<\/h4>\n                <p class=\"citat-jobb-title\">Administrative Manager, Link\u00f6ping University<\/p>\n            <\/div>\n        <\/div>\n            <\/div>\n    <\/div>\n\n\n<div style=\"height:25px\" aria-hidden=\"true\" class=\"wp-block-spacer\"><\/div>\n\n\n\n<div class=\"wp-block-buttons aligncenter is-layout-flex wp-block-buttons-is-layout-flex\">\n<div class=\"wp-block-button\"><a class=\"wp-block-button__link has-background has-neon-gron-background-color\" href=\"https:\/\/gunnelryner.se\/en\/references\/\">Read more about what my customers say<\/a><\/div>\n<\/div>\n\n\n\n<div style=\"height:20px\" aria-hidden=\"true\" class=\"wp-block-spacer\"><\/div>\n<\/div><\/div>\n\n\n\n<div class=\"wp-block-group alignfull has-light-grey-background-color has-background\"><div class=\"wp-block-group__inner-container is-layout-flow wp-block-group-is-layout-flow\">\n<div style=\"height:50px\" aria-hidden=\"true\" class=\"wp-block-spacer\"><\/div>\n\n\n\n<div class=\"wp-block-button aligncenter\"><a class=\"wp-block-button__link has-background has-neon-gron-background-color\" href=\"https:\/\/gunnelryner.se\/en\/contact\/\">Want to know more? Contact Gunnel<\/a><\/div>\n\n\n\n<div style=\"height:50px\" aria-hidden=\"true\" class=\"wp-block-spacer\"><\/div>\n<\/div><\/div>\n","protected":false},"excerpt":{"rendered":"<p>Strengths-based\/Appreciative leadership Are you looking for an inspiring leadership talk? With a speaker who teaches you ideas, methods and practical tools, based on scientific resarch, in an entertaining, funny and engaging way? Gunnel Ryner speaks about strengths-based\/appreciative leadership; leadership that focuses on what works well, strengths and successes, and how we can do even more [&hellip;]<\/p>\n","protected":false},"author":1,"featured_media":1046,"parent":0,"menu_order":0,"comment_status":"closed","ping_status":"closed","template":"","meta":{"_acf_changed":false,"footnotes":""},"class_list":["post-1374","page","type-page","status-publish","has-post-thumbnail","hentry"],"acf":[],"yoast_head":"<!-- This site is optimized with the Yoast SEO plugin v27.4 - https:\/\/yoast.com\/product\/yoast-seo-wordpress\/ -->\n<title>Leadership keynote | Strengths-based leadership | Gunnel Ryner<\/title>\n<meta name=\"description\" content=\"Book Gunnel Ryner as your keynote speaker on leadership. Strengths-based\/Appreciative leadership. Read more and book your leadership keynote here!\" \/>\n<meta name=\"robots\" content=\"index, follow, max-snippet:-1, max-image-preview:large, max-video-preview:-1\" \/>\n<link rel=\"canonical\" href=\"https:\/\/gunnelryner.se\/en\/strengthsbased-leadership-appreciative-leadership\/\" \/>\n<meta property=\"og:locale\" content=\"en_US\" \/>\n<meta property=\"og:type\" content=\"article\" \/>\n<meta property=\"og:title\" content=\"Leadership keynote | Strengths-based leadership | Gunnel Ryner\" \/>\n<meta property=\"og:description\" content=\"Book Gunnel Ryner as your keynote speaker on leadership. Strengths-based\/Appreciative leadership. Read more and book your leadership keynote here!\" \/>\n<meta property=\"og:url\" content=\"https:\/\/gunnelryner.se\/en\/strengthsbased-leadership-appreciative-leadership\/\" \/>\n<meta property=\"og:site_name\" content=\"Gunnel Ryner\" \/>\n<meta property=\"article:modified_time\" content=\"2020-05-07T19:59:45+00:00\" \/>\n<meta property=\"og:image\" content=\"https:\/\/gunnelryner.se\/app\/uploads\/2020\/03\/scenbild-mkd-2017-1024x682.jpg\" \/>\n\t<meta property=\"og:image:width\" content=\"1024\" \/>\n\t<meta property=\"og:image:height\" content=\"682\" \/>\n\t<meta property=\"og:image:type\" content=\"image\/jpeg\" \/>\n<meta name=\"twitter:card\" content=\"summary_large_image\" \/>\n<meta name=\"twitter:label1\" content=\"Est. reading time\" \/>\n\t<meta name=\"twitter:data1\" content=\"2 minutes\" \/>\n<script type=\"application\/ld+json\" class=\"yoast-schema-graph\">{\"@context\":\"https:\\\/\\\/schema.org\",\"@graph\":[{\"@type\":\"WebPage\",\"@id\":\"https:\\\/\\\/gunnelryner.se\\\/en\\\/strengthsbased-leadership-appreciative-leadership\\\/\",\"url\":\"https:\\\/\\\/gunnelryner.se\\\/en\\\/strengthsbased-leadership-appreciative-leadership\\\/\",\"name\":\"Leadership keynote | Strengths-based leadership | Gunnel Ryner\",\"isPartOf\":{\"@id\":\"https:\\\/\\\/gunnelryner.se\\\/#website\"},\"primaryImageOfPage\":{\"@id\":\"https:\\\/\\\/gunnelryner.se\\\/en\\\/strengthsbased-leadership-appreciative-leadership\\\/#primaryimage\"},\"image\":{\"@id\":\"https:\\\/\\\/gunnelryner.se\\\/en\\\/strengthsbased-leadership-appreciative-leadership\\\/#primaryimage\"},\"thumbnailUrl\":\"https:\\\/\\\/gunnelryner.se\\\/app\\\/uploads\\\/2020\\\/03\\\/scenbild-mkd-2017.jpg\",\"datePublished\":\"2020-02-18T10:31:38+00:00\",\"dateModified\":\"2020-05-07T19:59:45+00:00\",\"description\":\"Book Gunnel Ryner as your keynote speaker on leadership. Strengths-based\\\/Appreciative leadership. Read more and book your leadership keynote here!\",\"breadcrumb\":{\"@id\":\"https:\\\/\\\/gunnelryner.se\\\/en\\\/strengthsbased-leadership-appreciative-leadership\\\/#breadcrumb\"},\"inLanguage\":\"en-US\",\"potentialAction\":[{\"@type\":\"ReadAction\",\"target\":[\"https:\\\/\\\/gunnelryner.se\\\/en\\\/strengthsbased-leadership-appreciative-leadership\\\/\"]}]},{\"@type\":\"ImageObject\",\"inLanguage\":\"en-US\",\"@id\":\"https:\\\/\\\/gunnelryner.se\\\/en\\\/strengthsbased-leadership-appreciative-leadership\\\/#primaryimage\",\"url\":\"https:\\\/\\\/gunnelryner.se\\\/app\\\/uploads\\\/2020\\\/03\\\/scenbild-mkd-2017.jpg\",\"contentUrl\":\"https:\\\/\\\/gunnelryner.se\\\/app\\\/uploads\\\/2020\\\/03\\\/scenbild-mkd-2017.jpg\",\"width\":2560,\"height\":1704,\"caption\":\"Foto: Alex Wayne. www.wayne.nu , www.facebook.com\\\/AlexWaynePhoto\"},{\"@type\":\"BreadcrumbList\",\"@id\":\"https:\\\/\\\/gunnelryner.se\\\/en\\\/strengthsbased-leadership-appreciative-leadership\\\/#breadcrumb\",\"itemListElement\":[{\"@type\":\"ListItem\",\"position\":1,\"name\":\"Hem\",\"item\":\"https:\\\/\\\/gunnelryner.se\\\/en\\\/\"},{\"@type\":\"ListItem\",\"position\":2,\"name\":\"Strengths-based\\\/Appreciative leadership\"}]},{\"@type\":\"WebSite\",\"@id\":\"https:\\\/\\\/gunnelryner.se\\\/#website\",\"url\":\"https:\\\/\\\/gunnelryner.se\\\/\",\"name\":\"Gunnel Ryner\",\"description\":\"Boka f\u00f6rel\u00e4sare Gunnel Ryner | Fokus p\u00e5 l\u00f6sningar &amp; styrkor\",\"potentialAction\":[{\"@type\":\"SearchAction\",\"target\":{\"@type\":\"EntryPoint\",\"urlTemplate\":\"https:\\\/\\\/gunnelryner.se\\\/?s={search_term_string}\"},\"query-input\":{\"@type\":\"PropertyValueSpecification\",\"valueRequired\":true,\"valueName\":\"search_term_string\"}}],\"inLanguage\":\"en-US\"}]}<\/script>\n<!-- \/ Yoast SEO plugin. -->","yoast_head_json":{"title":"Leadership keynote | Strengths-based leadership | Gunnel Ryner","description":"Book Gunnel Ryner as your keynote speaker on leadership. Strengths-based\/Appreciative leadership. Read more and book your leadership keynote here!","robots":{"index":"index","follow":"follow","max-snippet":"max-snippet:-1","max-image-preview":"max-image-preview:large","max-video-preview":"max-video-preview:-1"},"canonical":"https:\/\/gunnelryner.se\/en\/strengthsbased-leadership-appreciative-leadership\/","og_locale":"en_US","og_type":"article","og_title":"Leadership keynote | Strengths-based leadership | Gunnel Ryner","og_description":"Book Gunnel Ryner as your keynote speaker on leadership. Strengths-based\/Appreciative leadership. Read more and book your leadership keynote here!","og_url":"https:\/\/gunnelryner.se\/en\/strengthsbased-leadership-appreciative-leadership\/","og_site_name":"Gunnel Ryner","article_modified_time":"2020-05-07T19:59:45+00:00","og_image":[{"width":1024,"height":682,"url":"https:\/\/gunnelryner.se\/app\/uploads\/2020\/03\/scenbild-mkd-2017-1024x682.jpg","type":"image\/jpeg"}],"twitter_card":"summary_large_image","twitter_misc":{"Est. reading time":"2 minutes"},"schema":{"@context":"https:\/\/schema.org","@graph":[{"@type":"WebPage","@id":"https:\/\/gunnelryner.se\/en\/strengthsbased-leadership-appreciative-leadership\/","url":"https:\/\/gunnelryner.se\/en\/strengthsbased-leadership-appreciative-leadership\/","name":"Leadership keynote | Strengths-based leadership | Gunnel Ryner","isPartOf":{"@id":"https:\/\/gunnelryner.se\/#website"},"primaryImageOfPage":{"@id":"https:\/\/gunnelryner.se\/en\/strengthsbased-leadership-appreciative-leadership\/#primaryimage"},"image":{"@id":"https:\/\/gunnelryner.se\/en\/strengthsbased-leadership-appreciative-leadership\/#primaryimage"},"thumbnailUrl":"https:\/\/gunnelryner.se\/app\/uploads\/2020\/03\/scenbild-mkd-2017.jpg","datePublished":"2020-02-18T10:31:38+00:00","dateModified":"2020-05-07T19:59:45+00:00","description":"Book Gunnel Ryner as your keynote speaker on leadership. Strengths-based\/Appreciative leadership. Read more and book your leadership keynote here!","breadcrumb":{"@id":"https:\/\/gunnelryner.se\/en\/strengthsbased-leadership-appreciative-leadership\/#breadcrumb"},"inLanguage":"en-US","potentialAction":[{"@type":"ReadAction","target":["https:\/\/gunnelryner.se\/en\/strengthsbased-leadership-appreciative-leadership\/"]}]},{"@type":"ImageObject","inLanguage":"en-US","@id":"https:\/\/gunnelryner.se\/en\/strengthsbased-leadership-appreciative-leadership\/#primaryimage","url":"https:\/\/gunnelryner.se\/app\/uploads\/2020\/03\/scenbild-mkd-2017.jpg","contentUrl":"https:\/\/gunnelryner.se\/app\/uploads\/2020\/03\/scenbild-mkd-2017.jpg","width":2560,"height":1704,"caption":"Foto: Alex Wayne. www.wayne.nu , www.facebook.com\/AlexWaynePhoto"},{"@type":"BreadcrumbList","@id":"https:\/\/gunnelryner.se\/en\/strengthsbased-leadership-appreciative-leadership\/#breadcrumb","itemListElement":[{"@type":"ListItem","position":1,"name":"Hem","item":"https:\/\/gunnelryner.se\/en\/"},{"@type":"ListItem","position":2,"name":"Strengths-based\/Appreciative leadership"}]},{"@type":"WebSite","@id":"https:\/\/gunnelryner.se\/#website","url":"https:\/\/gunnelryner.se\/","name":"Gunnel Ryner","description":"Boka f\u00f6rel\u00e4sare Gunnel Ryner | Fokus p\u00e5 l\u00f6sningar &amp; styrkor","potentialAction":[{"@type":"SearchAction","target":{"@type":"EntryPoint","urlTemplate":"https:\/\/gunnelryner.se\/?s={search_term_string}"},"query-input":{"@type":"PropertyValueSpecification","valueRequired":true,"valueName":"search_term_string"}}],"inLanguage":"en-US"}]}},"_links":{"self":[{"href":"https:\/\/gunnelryner.se\/en\/wp-json\/wp\/v2\/pages\/1374","targetHints":{"allow":["GET"]}}],"collection":[{"href":"https:\/\/gunnelryner.se\/en\/wp-json\/wp\/v2\/pages"}],"about":[{"href":"https:\/\/gunnelryner.se\/en\/wp-json\/wp\/v2\/types\/page"}],"author":[{"embeddable":true,"href":"https:\/\/gunnelryner.se\/en\/wp-json\/wp\/v2\/users\/1"}],"replies":[{"embeddable":true,"href":"https:\/\/gunnelryner.se\/en\/wp-json\/wp\/v2\/comments?post=1374"}],"version-history":[{"count":5,"href":"https:\/\/gunnelryner.se\/en\/wp-json\/wp\/v2\/pages\/1374\/revisions"}],"predecessor-version":[{"id":1923,"href":"https:\/\/gunnelryner.se\/en\/wp-json\/wp\/v2\/pages\/1374\/revisions\/1923"}],"wp:featuredmedia":[{"embeddable":true,"href":"https:\/\/gunnelryner.se\/en\/wp-json\/wp\/v2\/media\/1046"}],"wp:attachment":[{"href":"https:\/\/gunnelryner.se\/en\/wp-json\/wp\/v2\/media?parent=1374"}],"curies":[{"name":"wp","href":"https:\/\/api.w.org\/{rel}","templated":true}]}}