{"id":1382,"date":"2020-02-17T09:16:33","date_gmt":"2020-02-17T08:16:33","guid":{"rendered":"https:\/\/gunnelryner.se\/om-mig\/"},"modified":"2022-01-11T20:42:59","modified_gmt":"2022-01-11T19:42:59","slug":"about-gunnel","status":"publish","type":"page","link":"https:\/\/gunnelryner.se\/en\/about-gunnel\/","title":{"rendered":"About Gunnel"},"content":{"rendered":"\n<h1 class=\"has-text-align-center has-gul-color has-text-color wp-block-heading\">About Gunnel Ryner<\/h1>\n\n\n\n<hr class=\"wp-block-separator has-text-color has-background has-gul-background-color has-gul-color\"\/>\n\n\n\n<p>I am a professional keynote speaker &amp;\u00a0author\u00a0with a passion for strengths-based development. It is my firm belief that people flourish and perform much better if they feel happy, proud and engaged at work. And to achieve that, we need to focus on our strengths and what we do well, and not get stuck in problems and weaknesses.<\/p>\n\n\n\n<p>I have a BA in Behavioural Sciences and extensive professional experience as an HR manager, office manager, project manager, coach and trainer. Organisations I&#8217;ve worked for include the Swedish Police, Alstom, Previa, Empower Group, Lernia and L\u00e4rData. <\/p>\n\n\n\n<p>I am also a Professional Certified Coach by the ICF, a Certified Organisation Consultant, Mindfulness Instructor and Clear Leadership Instructor, and certified in Solution Focused Brief Therapy. I have worked as an international coach trainer and am fluent in English.<\/p>\n\n\n\n<p>As a speaker I&#8217;m often told that I have lots of positive energy and enthusiasm that spreads to my audience. Over the years I have had the privilege to inspire thousands of people to shift their focus and develop themselves and their work based on what they already do well. I&#8217;ve also written two bestselling books, one of which &#8211; &#8220;The lazy way to a wonderful life &#8211; at home and at work&#8221; &#8211; is also available in English. <\/p>\n\n\n\n<div style=\"height:100px\" aria-hidden=\"true\" class=\"wp-block-spacer\"><\/div>\n","protected":false},"excerpt":{"rendered":"<p>About Gunnel Ryner I am a professional keynote speaker &amp;\u00a0author\u00a0with a passion for strengths-based development. It is my firm belief that people flourish and perform much better if they feel happy, proud and engaged at work. And to achieve that, we need to focus on our strengths and what we do well, and not get [&hellip;]<\/p>\n","protected":false},"author":1,"featured_media":832,"parent":0,"menu_order":0,"comment_status":"closed","ping_status":"closed","template":"","meta":{"_acf_changed":false,"footnotes":""},"class_list":["post-1382","page","type-page","status-publish","has-post-thumbnail","hentry"],"acf":[],"yoast_head":"<!-- This site is optimized with the Yoast SEO plugin v27.4 - https:\/\/yoast.com\/product\/yoast-seo-wordpress\/ -->\n<title>About Gunnel - Gunnel Ryner<\/title>\n<meta name=\"description\" content=\"About Gunnel Ryner I am a professional keynote speaker &amp;\u00a0author\u00a0with a passion for strengths-based development. It is my firm belief that people\" \/>\n<meta name=\"robots\" content=\"index, follow, max-snippet:-1, max-image-preview:large, max-video-preview:-1\" \/>\n<link rel=\"canonical\" href=\"https:\/\/gunnelryner.se\/en\/about-gunnel\/\" \/>\n<meta property=\"og:locale\" content=\"en_US\" \/>\n<meta property=\"og:type\" content=\"article\" \/>\n<meta property=\"og:title\" content=\"About Gunnel - Gunnel Ryner\" \/>\n<meta property=\"og:description\" content=\"About Gunnel Ryner I am a professional keynote speaker &amp;\u00a0author\u00a0with a passion for strengths-based development. It is my firm belief that people\" \/>\n<meta property=\"og:url\" content=\"https:\/\/gunnelryner.se\/en\/about-gunnel\/\" \/>\n<meta property=\"og:site_name\" content=\"Gunnel Ryner\" \/>\n<meta property=\"article:modified_time\" content=\"2022-01-11T19:42:59+00:00\" \/>\n<meta property=\"og:image\" content=\"https:\/\/gunnelryner.se\/app\/uploads\/2020\/03\/b0019954-edit-bred-1024x535.jpg\" \/>\n\t<meta property=\"og:image:width\" content=\"1024\" \/>\n\t<meta property=\"og:image:height\" content=\"535\" \/>\n\t<meta property=\"og:image:type\" content=\"image\/jpeg\" \/>\n<meta name=\"twitter:card\" content=\"summary_large_image\" \/>\n<meta name=\"twitter:label1\" content=\"Est. reading time\" \/>\n\t<meta name=\"twitter:data1\" content=\"2 minutes\" \/>\n<script type=\"application\/ld+json\" class=\"yoast-schema-graph\">{\"@context\":\"https:\\\/\\\/schema.org\",\"@graph\":[{\"@type\":\"WebPage\",\"@id\":\"https:\\\/\\\/gunnelryner.se\\\/en\\\/about-gunnel\\\/\",\"url\":\"https:\\\/\\\/gunnelryner.se\\\/en\\\/about-gunnel\\\/\",\"name\":\"About Gunnel - Gunnel Ryner\",\"isPartOf\":{\"@id\":\"https:\\\/\\\/gunnelryner.se\\\/#website\"},\"primaryImageOfPage\":{\"@id\":\"https:\\\/\\\/gunnelryner.se\\\/en\\\/about-gunnel\\\/#primaryimage\"},\"image\":{\"@id\":\"https:\\\/\\\/gunnelryner.se\\\/en\\\/about-gunnel\\\/#primaryimage\"},\"thumbnailUrl\":\"https:\\\/\\\/gunnelryner.se\\\/app\\\/uploads\\\/2020\\\/03\\\/b0019954-edit-bred.jpg\",\"datePublished\":\"2020-02-17T08:16:33+00:00\",\"dateModified\":\"2022-01-11T19:42:59+00:00\",\"description\":\"About Gunnel Ryner I am a professional keynote speaker &amp;\u00a0author\u00a0with a passion for strengths-based development. It is my firm belief that people\",\"breadcrumb\":{\"@id\":\"https:\\\/\\\/gunnelryner.se\\\/en\\\/about-gunnel\\\/#breadcrumb\"},\"inLanguage\":\"en-US\",\"potentialAction\":[{\"@type\":\"ReadAction\",\"target\":[\"https:\\\/\\\/gunnelryner.se\\\/en\\\/about-gunnel\\\/\"]}]},{\"@type\":\"ImageObject\",\"inLanguage\":\"en-US\",\"@id\":\"https:\\\/\\\/gunnelryner.se\\\/en\\\/about-gunnel\\\/#primaryimage\",\"url\":\"https:\\\/\\\/gunnelryner.se\\\/app\\\/uploads\\\/2020\\\/03\\\/b0019954-edit-bred.jpg\",\"contentUrl\":\"https:\\\/\\\/gunnelryner.se\\\/app\\\/uploads\\\/2020\\\/03\\\/b0019954-edit-bred.jpg\",\"width\":2560,\"height\":1338,\"caption\":\"Gunnel Ryner\"},{\"@type\":\"BreadcrumbList\",\"@id\":\"https:\\\/\\\/gunnelryner.se\\\/en\\\/about-gunnel\\\/#breadcrumb\",\"itemListElement\":[{\"@type\":\"ListItem\",\"position\":1,\"name\":\"Hem\",\"item\":\"https:\\\/\\\/gunnelryner.se\\\/en\\\/\"},{\"@type\":\"ListItem\",\"position\":2,\"name\":\"About Gunnel\"}]},{\"@type\":\"WebSite\",\"@id\":\"https:\\\/\\\/gunnelryner.se\\\/#website\",\"url\":\"https:\\\/\\\/gunnelryner.se\\\/\",\"name\":\"Gunnel Ryner\",\"description\":\"Boka f\u00f6rel\u00e4sare Gunnel Ryner | Fokus p\u00e5 l\u00f6sningar &amp; styrkor\",\"potentialAction\":[{\"@type\":\"SearchAction\",\"target\":{\"@type\":\"EntryPoint\",\"urlTemplate\":\"https:\\\/\\\/gunnelryner.se\\\/?s={search_term_string}\"},\"query-input\":{\"@type\":\"PropertyValueSpecification\",\"valueRequired\":true,\"valueName\":\"search_term_string\"}}],\"inLanguage\":\"en-US\"}]}<\/script>\n<!-- \/ Yoast SEO plugin. -->","yoast_head_json":{"title":"About Gunnel - Gunnel Ryner","description":"About Gunnel Ryner I am a professional keynote speaker &amp;\u00a0author\u00a0with a passion for strengths-based development. It is my firm belief that people","robots":{"index":"index","follow":"follow","max-snippet":"max-snippet:-1","max-image-preview":"max-image-preview:large","max-video-preview":"max-video-preview:-1"},"canonical":"https:\/\/gunnelryner.se\/en\/about-gunnel\/","og_locale":"en_US","og_type":"article","og_title":"About Gunnel - Gunnel Ryner","og_description":"About Gunnel Ryner I am a professional keynote speaker &amp;\u00a0author\u00a0with a passion for strengths-based development. It is my firm belief that people","og_url":"https:\/\/gunnelryner.se\/en\/about-gunnel\/","og_site_name":"Gunnel Ryner","article_modified_time":"2022-01-11T19:42:59+00:00","og_image":[{"width":1024,"height":535,"url":"https:\/\/gunnelryner.se\/app\/uploads\/2020\/03\/b0019954-edit-bred-1024x535.jpg","type":"image\/jpeg"}],"twitter_card":"summary_large_image","twitter_misc":{"Est. reading time":"2 minutes"},"schema":{"@context":"https:\/\/schema.org","@graph":[{"@type":"WebPage","@id":"https:\/\/gunnelryner.se\/en\/about-gunnel\/","url":"https:\/\/gunnelryner.se\/en\/about-gunnel\/","name":"About Gunnel - Gunnel Ryner","isPartOf":{"@id":"https:\/\/gunnelryner.se\/#website"},"primaryImageOfPage":{"@id":"https:\/\/gunnelryner.se\/en\/about-gunnel\/#primaryimage"},"image":{"@id":"https:\/\/gunnelryner.se\/en\/about-gunnel\/#primaryimage"},"thumbnailUrl":"https:\/\/gunnelryner.se\/app\/uploads\/2020\/03\/b0019954-edit-bred.jpg","datePublished":"2020-02-17T08:16:33+00:00","dateModified":"2022-01-11T19:42:59+00:00","description":"About Gunnel Ryner I am a professional keynote speaker &amp;\u00a0author\u00a0with a passion for strengths-based development. It is my firm belief that people","breadcrumb":{"@id":"https:\/\/gunnelryner.se\/en\/about-gunnel\/#breadcrumb"},"inLanguage":"en-US","potentialAction":[{"@type":"ReadAction","target":["https:\/\/gunnelryner.se\/en\/about-gunnel\/"]}]},{"@type":"ImageObject","inLanguage":"en-US","@id":"https:\/\/gunnelryner.se\/en\/about-gunnel\/#primaryimage","url":"https:\/\/gunnelryner.se\/app\/uploads\/2020\/03\/b0019954-edit-bred.jpg","contentUrl":"https:\/\/gunnelryner.se\/app\/uploads\/2020\/03\/b0019954-edit-bred.jpg","width":2560,"height":1338,"caption":"Gunnel Ryner"},{"@type":"BreadcrumbList","@id":"https:\/\/gunnelryner.se\/en\/about-gunnel\/#breadcrumb","itemListElement":[{"@type":"ListItem","position":1,"name":"Hem","item":"https:\/\/gunnelryner.se\/en\/"},{"@type":"ListItem","position":2,"name":"About Gunnel"}]},{"@type":"WebSite","@id":"https:\/\/gunnelryner.se\/#website","url":"https:\/\/gunnelryner.se\/","name":"Gunnel Ryner","description":"Boka f\u00f6rel\u00e4sare Gunnel Ryner | Fokus p\u00e5 l\u00f6sningar &amp; styrkor","potentialAction":[{"@type":"SearchAction","target":{"@type":"EntryPoint","urlTemplate":"https:\/\/gunnelryner.se\/?s={search_term_string}"},"query-input":{"@type":"PropertyValueSpecification","valueRequired":true,"valueName":"search_term_string"}}],"inLanguage":"en-US"}]}},"_links":{"self":[{"href":"https:\/\/gunnelryner.se\/en\/wp-json\/wp\/v2\/pages\/1382","targetHints":{"allow":["GET"]}}],"collection":[{"href":"https:\/\/gunnelryner.se\/en\/wp-json\/wp\/v2\/pages"}],"about":[{"href":"https:\/\/gunnelryner.se\/en\/wp-json\/wp\/v2\/types\/page"}],"author":[{"embeddable":true,"href":"https:\/\/gunnelryner.se\/en\/wp-json\/wp\/v2\/users\/1"}],"replies":[{"embeddable":true,"href":"https:\/\/gunnelryner.se\/en\/wp-json\/wp\/v2\/comments?post=1382"}],"version-history":[{"count":5,"href":"https:\/\/gunnelryner.se\/en\/wp-json\/wp\/v2\/pages\/1382\/revisions"}],"predecessor-version":[{"id":2299,"href":"https:\/\/gunnelryner.se\/en\/wp-json\/wp\/v2\/pages\/1382\/revisions\/2299"}],"wp:featuredmedia":[{"embeddable":true,"href":"https:\/\/gunnelryner.se\/en\/wp-json\/wp\/v2\/media\/832"}],"wp:attachment":[{"href":"https:\/\/gunnelryner.se\/en\/wp-json\/wp\/v2\/media?parent=1382"}],"curies":[{"name":"wp","href":"https:\/\/api.w.org\/{rel}","templated":true}]}}