{"id":1384,"date":"2020-02-17T09:16:22","date_gmt":"2020-02-17T08:16:22","guid":{"rendered":"https:\/\/gunnelryner.se\/bocker\/"},"modified":"2024-08-08T19:14:03","modified_gmt":"2024-08-08T17:14:03","slug":"books","status":"publish","type":"page","link":"https:\/\/gunnelryner.se\/en\/books\/","title":{"rendered":"Books"},"content":{"rendered":"\n<h1 class=\"wp-block-heading has-text-align-center has-gul-color has-text-color\">Books<\/h1>\n\n\n\n<hr class=\"wp-block-separator has-text-color has-gul-color has-css-opacity has-gul-background-color has-background\"\/>\n\n\n\n<div style=\"height:50px\" aria-hidden=\"true\" class=\"wp-block-spacer\"><\/div>\n\n\n\n<div class=\"wp-block-columns are-vertically-aligned-top is-layout-flex wp-container-core-columns-is-layout-9d6595d7 wp-block-columns-is-layout-flex\">\n<div class=\"wp-block-column is-vertically-aligned-top is-layout-flow wp-block-column-is-layout-flow\" style=\"flex-basis:65%\">\n<h3 class=\"wp-block-heading no-top has-svart-color has-text-color\">The lazy way to a wonderful life &#8211; at home and at work<\/h3>\n\n\n\n<p class=\"has-neon-gron-color has-text-color has-medium-font-size\"><em>MY BEST-SELLING BOOK &#8211; NOW AVAILABLE IN ENGLISH<\/em><br><em>Top 5 best-selling non-fiction books 2018 at Bokus <\/em><\/p>\n\n\n\n<p>Are you tired of fighting an uphill battle and constantly having to rely on your own willpower, motivation and self-discipline? Would you like to learn a smarter, simpler way to get the life you&#8217;ve always dreamed of &#8211; both at home and at work?<br><br>Gunnel Ryner overturns the traditional view of self-development and success, in which it&#8217;s all about you, and instead shows how you can create an environment &#8211; with the right people, things, places, conditions and ideas &#8211; that simply draws you in the direction you want to go.<br><br>With a light-hearted blend of science, humour and relevant examples, she demonstrates the positive aspects of laziness and shows how the right environment is more important than willpower. The book also provides you with a step-by-step method that makes it easy and fun to get where you want, both in your own life and together with your colleagues at work.<\/p>\n<\/div>\n\n\n\n<div class=\"wp-block-column is-vertically-aligned-top is-layout-flow wp-block-column-is-layout-flow\" style=\"flex-basis:35%\"><div class=\"wp-block-image\">\n<figure class=\"aligncenter size-large is-resized\"><img loading=\"lazy\" decoding=\"async\" width=\"480\" height=\"680\" src=\"https:\/\/gunnelryner.se\/app\/uploads\/2020\/02\/87770640-14ovs.jpg\" alt=\"\" class=\"wp-image-284\" style=\"width:240px;height:340px\" srcset=\"https:\/\/gunnelryner.se\/app\/uploads\/2020\/02\/87770640-14ovs.jpg 480w, https:\/\/gunnelryner.se\/app\/uploads\/2020\/02\/87770640-14ovs-212x300.jpg 212w, https:\/\/gunnelryner.se\/app\/uploads\/2020\/02\/87770640-14ovs-150x213.jpg 150w\" sizes=\"auto, (max-width: 480px) 100vw, 480px\" \/><\/figure>\n<\/div>\n\n\n<div class=\"wp-block-group knapp-grupp\"><div class=\"wp-block-group__inner-container is-layout-flow wp-block-group-is-layout-flow\">\n<div class=\"wp-block-button\"><a class=\"wp-block-button__link has-neon-gron-background-color has-background wp-element-button\" href=\"https:\/\/www.amazon.com\/Lazy-Way-Wonderful-Life-Home\/dp\/9198525204\">Buy on Amazon<\/a><\/div>\n<\/div><\/div>\n\n\n\n<p><\/p>\n<\/div>\n<\/div>\n\n\n\n<div class=\"wp-block-group alignfull has-light-grey-background-color has-background\"><div class=\"wp-block-group__inner-container is-layout-flow wp-block-group-is-layout-flow\">\n<div style=\"height:35px\" aria-hidden=\"true\" class=\"wp-block-spacer\"><\/div>\n\n\n\n<h4 class=\"wp-block-heading has-neon-gron-color has-text-color\"><strong>Feedback from readers:<\/strong><\/h4>\n\n\n\n<div class=\"wp-block-columns is-layout-flex wp-container-core-columns-is-layout-9d6595d7 wp-block-columns-is-layout-flex\">\n<div class=\"wp-block-column is-layout-flow wp-block-column-is-layout-flow\">\n<blockquote class=\"wp-block-quote is-layout-flow wp-block-quote-is-layout-flow\">\n<p>\u201cNo meaningless buzzwords \u2013 just crystal-clear explanations and useful tools. The best book I\u2019ve read for a long time\u201d<\/p>\n<cite><strong>\u00c5sa Medin<\/strong><\/cite><\/blockquote>\n\n\n\n<blockquote class=\"wp-block-quote is-layout-flow wp-block-quote-is-layout-flow\">\n<p>\u201cThis book has completely revolutionised our perspective on personal development.&#8221;<\/p>\n<cite><strong>Business &amp; Dreams podcast<\/strong><\/cite><\/blockquote>\n\n\n\n<blockquote class=\"wp-block-quote is-layout-flow wp-block-quote-is-layout-flow\">\n<p>&#8220;A book that will change your life, and one you will want to keep close.&#8221;<\/p>\n<cite><strong>Ruthann Russo<\/strong><\/cite><\/blockquote>\n\n\n\n<blockquote class=\"wp-block-quote is-layout-flow wp-block-quote-is-layout-flow\">\n<p>I&#8217;ve been on a quest to simplify my life\/environment for over a year now. This book was the icing on my cake. Pragmatic, actionable, doable. No fluff&#8230; just the good stuff.<\/p>\n<cite><strong>Sue Philly<\/strong><\/cite><\/blockquote>\n\n\n\n<blockquote class=\"wp-block-quote is-layout-flow wp-block-quote-is-layout-flow\">\n<p>\u201cEntertaining, interesting and a real eye-opener!\u201d<\/p>\n<cite><strong>Hans Ljung<\/strong><\/cite><\/blockquote>\n\n\n\n<p><\/p>\n<\/div>\n\n\n\n<div class=\"wp-block-column is-layout-flow wp-block-column-is-layout-flow\">\n<blockquote class=\"wp-block-quote is-layout-flow wp-block-quote-is-layout-flow\">\n<p>What an enjoyable read, your approach to a better life is simply brilliant. I would strongly recommend this book to anyone looking to live their fullest life. Well done!!<\/p>\n<cite>Howie Kra<\/cite><\/blockquote>\n\n\n\n<blockquote class=\"wp-block-quote is-layout-flow wp-block-quote-is-layout-flow\">\n<p>&#8220;A combination of science, common sense and new ideas makes this book believable and invaluable. So many insights into my own environments &#8211; I took copious notes while reading.&#8221;<\/p>\n<cite><strong>Barbara Churchill<\/strong><\/cite><\/blockquote>\n\n\n\n<blockquote class=\"wp-block-quote is-layout-flow wp-block-quote-is-layout-flow\">\n<p>&#8220;An absolute must-have for anyone who wants to maximize their home or work space and make life &amp; work easier!&#8221;<\/p>\n<cite><strong>Kristina Paider<\/strong><\/cite><\/blockquote>\n\n\n\n<blockquote class=\"wp-block-quote is-layout-flow wp-block-quote-is-layout-flow\">\n<p>\u201cThis is a book that everyone who wants to create a better life should read. Although in fact&#8230; this is a book you <em>do<\/em>. So do it!\u201d<\/p>\n<cite><strong>Micke Darmell<\/strong><\/cite><\/blockquote>\n<\/div>\n<\/div>\n<\/div><\/div>\n\n\n\n<div style=\"height:50px\" aria-hidden=\"true\" class=\"wp-block-spacer\"><\/div>\n\n\n\n<h2 class=\"wp-block-heading\">Books in Swedish<\/h2>\n\n\n\n<div class=\"wp-block-columns is-layout-flex wp-container-core-columns-is-layout-9d6595d7 wp-block-columns-is-layout-flex\">\n<div class=\"wp-block-column is-layout-flow wp-block-column-is-layout-flow\">\n<figure class=\"wp-block-image size-large\"><img loading=\"lazy\" decoding=\"async\" width=\"737\" height=\"1024\" src=\"https:\/\/gunnelryner.se\/app\/uploads\/2023\/03\/hitta-ratt-framsida-klar-737x1024.jpg\" alt=\"Bok Hitta r\u00e4tt i st\u00e4llet f\u00f6r att leta fel\" class=\"wp-image-3743\" srcset=\"https:\/\/gunnelryner.se\/app\/uploads\/2023\/03\/hitta-ratt-framsida-klar-737x1024.jpg 737w, https:\/\/gunnelryner.se\/app\/uploads\/2023\/03\/hitta-ratt-framsida-klar-216x300.jpg 216w, https:\/\/gunnelryner.se\/app\/uploads\/2023\/03\/hitta-ratt-framsida-klar-768x1068.jpg 768w, https:\/\/gunnelryner.se\/app\/uploads\/2023\/03\/hitta-ratt-framsida-klar-150x209.jpg 150w, https:\/\/gunnelryner.se\/app\/uploads\/2023\/03\/hitta-ratt-framsida-klar.jpg 800w\" sizes=\"auto, (max-width: 737px) 100vw, 737px\" \/><\/figure>\n\n\n\n<div style=\"height:35px\" aria-hidden=\"true\" class=\"wp-block-spacer\"><\/div>\n\n\n\n<div class=\"wp-block-buttons is-content-justification-center is-layout-flex wp-container-core-buttons-is-layout-16018d1d wp-block-buttons-is-layout-flex\">\n<div class=\"wp-block-button shopping-vagn-ikon\"><a class=\"wp-block-button__link has-vit-color has-neon-gron-background-color has-text-color has-background wp-element-button\" href=\"https:\/\/bit.ly\/hittar\u00e4tt\">Buy on Bokus<\/a><\/div>\n\n\n\n<div class=\"wp-block-button shopping-vagn-ikon\"><a class=\"wp-block-button__link has-vit-color has-neon-gron-background-color has-text-color has-background wp-element-button\" href=\"https:\/\/bit.ly\/3QpLkea\">Buy on Adlibris<\/a><\/div>\n<\/div>\n<\/div>\n\n\n\n<div class=\"wp-block-column is-layout-flow wp-block-column-is-layout-flow\">\n<figure class=\"wp-block-image size-large\"><img loading=\"lazy\" decoding=\"async\" width=\"480\" height=\"681\" src=\"https:\/\/gunnelryner.se\/app\/uploads\/2020\/02\/78270259-uwfxd.jpg\" alt=\"Omslag Sl\u00e4ng problemglas\u00f6gonen\" class=\"wp-image-292\" srcset=\"https:\/\/gunnelryner.se\/app\/uploads\/2020\/02\/78270259-uwfxd.jpg 480w, https:\/\/gunnelryner.se\/app\/uploads\/2020\/02\/78270259-uwfxd-211x300.jpg 211w, https:\/\/gunnelryner.se\/app\/uploads\/2020\/02\/78270259-uwfxd-150x213.jpg 150w\" sizes=\"auto, (max-width: 480px) 100vw, 480px\" \/><\/figure>\n\n\n\n<div style=\"height:35px\" aria-hidden=\"true\" class=\"wp-block-spacer\"><\/div>\n\n\n\n<div class=\"wp-block-buttons is-content-justification-center is-layout-flex wp-container-core-buttons-is-layout-16018d1d wp-block-buttons-is-layout-flex\">\n<div class=\"wp-block-button shopping-vagn-ikon\"><a class=\"wp-block-button__link has-vit-color has-neon-gron-background-color has-text-color has-background wp-element-button\" href=\"https:\/\/www.bokus.com\/bok\/9789163942877\/slang-problemglasogonen-starta-en-positiv-revolution\/\">Buy on Bokus<\/a><\/div>\n\n\n\n<div class=\"wp-block-button shopping-vagn-ikon\"><a class=\"wp-block-button__link has-vit-color has-neon-gron-background-color has-text-color has-background wp-element-button\" href=\"https:\/\/www.adlibris.com\/se\/bok\/slang-problemglasogonen-starta-en-positiv-revolution-9789163942877\">Buy on Adlibris<\/a><\/div>\n<\/div>\n<\/div>\n\n\n\n<div class=\"wp-block-column is-layout-flow wp-block-column-is-layout-flow\">\n<figure class=\"wp-block-image size-large\"><img loading=\"lazy\" decoding=\"async\" width=\"532\" height=\"659\" src=\"https:\/\/gunnelryner.se\/app\/uploads\/2020\/02\/87771163-yyn4m.jpg\" alt=\"Bokomslag Den lata v\u00e4gen till ett fantastiskt liv - och arbetsliv\" class=\"wp-image-150\" srcset=\"https:\/\/gunnelryner.se\/app\/uploads\/2020\/02\/87771163-yyn4m.jpg 532w, https:\/\/gunnelryner.se\/app\/uploads\/2020\/02\/87771163-yyn4m-242x300.jpg 242w, https:\/\/gunnelryner.se\/app\/uploads\/2020\/02\/87771163-yyn4m-150x186.jpg 150w\" sizes=\"auto, (max-width: 532px) 100vw, 532px\" \/><\/figure>\n\n\n\n<div style=\"height:35px\" aria-hidden=\"true\" class=\"wp-block-spacer\"><\/div>\n\n\n\n<div class=\"wp-block-buttons is-content-justification-center is-layout-flex wp-container-core-buttons-is-layout-16018d1d wp-block-buttons-is-layout-flex\">\n<div class=\"wp-block-button shopping-vagn-ikon\"><a class=\"wp-block-button__link has-vit-color has-neon-gron-background-color has-text-color has-background wp-element-button\" href=\"https:\/\/www.bokus.com\/bok\/9789163942860\/den-lata-vagen-till-ett-fantastiskt-liv-och-arbetsliv\/\">Buy on Bokus<\/a><\/div>\n\n\n\n<div class=\"wp-block-button shopping-vagn-ikon\"><a class=\"wp-block-button__link has-vit-color has-neon-gron-background-color has-text-color has-background wp-element-button\" href=\"https:\/\/www.adlibris.com\/se\/bok\/den-lata-vagen-till-ett-fantastiskt-liv---och-arbetsliv-9789163942860\">Buy on Adlibris<\/a><\/div>\n<\/div>\n<\/div>\n<\/div>\n\n\n\n<div style=\"height:100px\" aria-hidden=\"true\" class=\"wp-block-spacer\"><\/div>\n","protected":false},"excerpt":{"rendered":"<p>Books The lazy way to a wonderful life &#8211; at home and at work MY BEST-SELLING BOOK &#8211; NOW AVAILABLE IN ENGLISHTop 5 best-selling non-fiction books 2018 at Bokus Are you tired of fighting an uphill battle and constantly having to rely on your own willpower, motivation and self-discipline? Would you like to learn a [&hellip;]<\/p>\n","protected":false},"author":1,"featured_media":339,"parent":0,"menu_order":0,"comment_status":"closed","ping_status":"closed","template":"","meta":{"_acf_changed":false,"footnotes":""},"class_list":["post-1384","page","type-page","status-publish","has-post-thumbnail","hentry"],"acf":[],"yoast_head":"<!-- This site is optimized with the Yoast SEO plugin v27.4 - https:\/\/yoast.com\/product\/yoast-seo-wordpress\/ -->\n<title>Books | Gunnel Ryner \u2013 Keynote speaker &amp; author<\/title>\n<meta name=\"description\" content=\"Bestselling books by speaker &amp; author Gunnel Ryner. \u201cThe lazy way to a wonderful life \u2013 at home and at work\u201d. Read more here!\" \/>\n<meta name=\"robots\" content=\"index, follow, max-snippet:-1, max-image-preview:large, max-video-preview:-1\" \/>\n<link rel=\"canonical\" href=\"https:\/\/gunnelryner.se\/en\/books\/\" \/>\n<meta property=\"og:locale\" content=\"en_US\" \/>\n<meta property=\"og:type\" content=\"article\" \/>\n<meta property=\"og:title\" content=\"Books | Gunnel Ryner \u2013 Keynote speaker &amp; author\" \/>\n<meta property=\"og:description\" content=\"Bestselling books by speaker &amp; author Gunnel Ryner. \u201cThe lazy way to a wonderful life \u2013 at home and at work\u201d. Read more here!\" \/>\n<meta property=\"og:url\" content=\"https:\/\/gunnelryner.se\/en\/books\/\" \/>\n<meta property=\"og:site_name\" content=\"Gunnel Ryner\" \/>\n<meta property=\"article:modified_time\" content=\"2024-08-08T17:14:03+00:00\" \/>\n<meta property=\"og:image\" content=\"https:\/\/gunnelryner.se\/app\/uploads\/2020\/02\/24731407-u5lwt.jpg\" \/>\n\t<meta property=\"og:image:width\" content=\"1400\" \/>\n\t<meta property=\"og:image:height\" content=\"980\" \/>\n\t<meta property=\"og:image:type\" content=\"image\/jpeg\" \/>\n<meta name=\"twitter:card\" content=\"summary_large_image\" \/>\n<meta name=\"twitter:label1\" content=\"Est. reading time\" \/>\n\t<meta name=\"twitter:data1\" content=\"3 minutes\" \/>\n<script type=\"application\/ld+json\" class=\"yoast-schema-graph\">{\"@context\":\"https:\\\/\\\/schema.org\",\"@graph\":[{\"@type\":\"WebPage\",\"@id\":\"https:\\\/\\\/gunnelryner.se\\\/en\\\/books\\\/\",\"url\":\"https:\\\/\\\/gunnelryner.se\\\/en\\\/books\\\/\",\"name\":\"Books | Gunnel Ryner \u2013 Keynote speaker & author\",\"isPartOf\":{\"@id\":\"https:\\\/\\\/gunnelryner.se\\\/#website\"},\"primaryImageOfPage\":{\"@id\":\"https:\\\/\\\/gunnelryner.se\\\/en\\\/books\\\/#primaryimage\"},\"image\":{\"@id\":\"https:\\\/\\\/gunnelryner.se\\\/en\\\/books\\\/#primaryimage\"},\"thumbnailUrl\":\"https:\\\/\\\/gunnelryner.se\\\/app\\\/uploads\\\/2020\\\/02\\\/24731407-u5lwt.jpg\",\"datePublished\":\"2020-02-17T08:16:22+00:00\",\"dateModified\":\"2024-08-08T17:14:03+00:00\",\"description\":\"Bestselling books by speaker & author Gunnel Ryner. \u201cThe lazy way to a wonderful life \u2013 at home and at work\u201d. Read more here!\",\"breadcrumb\":{\"@id\":\"https:\\\/\\\/gunnelryner.se\\\/en\\\/books\\\/#breadcrumb\"},\"inLanguage\":\"en-US\",\"potentialAction\":[{\"@type\":\"ReadAction\",\"target\":[\"https:\\\/\\\/gunnelryner.se\\\/en\\\/books\\\/\"]}]},{\"@type\":\"ImageObject\",\"inLanguage\":\"en-US\",\"@id\":\"https:\\\/\\\/gunnelryner.se\\\/en\\\/books\\\/#primaryimage\",\"url\":\"https:\\\/\\\/gunnelryner.se\\\/app\\\/uploads\\\/2020\\\/02\\\/24731407-u5lwt.jpg\",\"contentUrl\":\"https:\\\/\\\/gunnelryner.se\\\/app\\\/uploads\\\/2020\\\/02\\\/24731407-u5lwt.jpg\",\"width\":1400,\"height\":980,\"caption\":\"Bild p\u00e5 f\u00f6rel\u00e4sare Gunnel Ryner\"},{\"@type\":\"BreadcrumbList\",\"@id\":\"https:\\\/\\\/gunnelryner.se\\\/en\\\/books\\\/#breadcrumb\",\"itemListElement\":[{\"@type\":\"ListItem\",\"position\":1,\"name\":\"Hem\",\"item\":\"https:\\\/\\\/gunnelryner.se\\\/en\\\/\"},{\"@type\":\"ListItem\",\"position\":2,\"name\":\"Books\"}]},{\"@type\":\"WebSite\",\"@id\":\"https:\\\/\\\/gunnelryner.se\\\/#website\",\"url\":\"https:\\\/\\\/gunnelryner.se\\\/\",\"name\":\"Gunnel Ryner\",\"description\":\"Boka f\u00f6rel\u00e4sare Gunnel Ryner | Fokus p\u00e5 l\u00f6sningar &amp; styrkor\",\"potentialAction\":[{\"@type\":\"SearchAction\",\"target\":{\"@type\":\"EntryPoint\",\"urlTemplate\":\"https:\\\/\\\/gunnelryner.se\\\/?s={search_term_string}\"},\"query-input\":{\"@type\":\"PropertyValueSpecification\",\"valueRequired\":true,\"valueName\":\"search_term_string\"}}],\"inLanguage\":\"en-US\"}]}<\/script>\n<!-- \/ Yoast SEO plugin. -->","yoast_head_json":{"title":"Books | Gunnel Ryner \u2013 Keynote speaker & author","description":"Bestselling books by speaker & author Gunnel Ryner. \u201cThe lazy way to a wonderful life \u2013 at home and at work\u201d. Read more here!","robots":{"index":"index","follow":"follow","max-snippet":"max-snippet:-1","max-image-preview":"max-image-preview:large","max-video-preview":"max-video-preview:-1"},"canonical":"https:\/\/gunnelryner.se\/en\/books\/","og_locale":"en_US","og_type":"article","og_title":"Books | Gunnel Ryner \u2013 Keynote speaker & author","og_description":"Bestselling books by speaker & author Gunnel Ryner. \u201cThe lazy way to a wonderful life \u2013 at home and at work\u201d. Read more here!","og_url":"https:\/\/gunnelryner.se\/en\/books\/","og_site_name":"Gunnel Ryner","article_modified_time":"2024-08-08T17:14:03+00:00","og_image":[{"width":1400,"height":980,"url":"https:\/\/gunnelryner.se\/app\/uploads\/2020\/02\/24731407-u5lwt.jpg","type":"image\/jpeg"}],"twitter_card":"summary_large_image","twitter_misc":{"Est. reading time":"3 minutes"},"schema":{"@context":"https:\/\/schema.org","@graph":[{"@type":"WebPage","@id":"https:\/\/gunnelryner.se\/en\/books\/","url":"https:\/\/gunnelryner.se\/en\/books\/","name":"Books | Gunnel Ryner \u2013 Keynote speaker & author","isPartOf":{"@id":"https:\/\/gunnelryner.se\/#website"},"primaryImageOfPage":{"@id":"https:\/\/gunnelryner.se\/en\/books\/#primaryimage"},"image":{"@id":"https:\/\/gunnelryner.se\/en\/books\/#primaryimage"},"thumbnailUrl":"https:\/\/gunnelryner.se\/app\/uploads\/2020\/02\/24731407-u5lwt.jpg","datePublished":"2020-02-17T08:16:22+00:00","dateModified":"2024-08-08T17:14:03+00:00","description":"Bestselling books by speaker & author Gunnel Ryner. \u201cThe lazy way to a wonderful life \u2013 at home and at work\u201d. Read more here!","breadcrumb":{"@id":"https:\/\/gunnelryner.se\/en\/books\/#breadcrumb"},"inLanguage":"en-US","potentialAction":[{"@type":"ReadAction","target":["https:\/\/gunnelryner.se\/en\/books\/"]}]},{"@type":"ImageObject","inLanguage":"en-US","@id":"https:\/\/gunnelryner.se\/en\/books\/#primaryimage","url":"https:\/\/gunnelryner.se\/app\/uploads\/2020\/02\/24731407-u5lwt.jpg","contentUrl":"https:\/\/gunnelryner.se\/app\/uploads\/2020\/02\/24731407-u5lwt.jpg","width":1400,"height":980,"caption":"Bild p\u00e5 f\u00f6rel\u00e4sare Gunnel Ryner"},{"@type":"BreadcrumbList","@id":"https:\/\/gunnelryner.se\/en\/books\/#breadcrumb","itemListElement":[{"@type":"ListItem","position":1,"name":"Hem","item":"https:\/\/gunnelryner.se\/en\/"},{"@type":"ListItem","position":2,"name":"Books"}]},{"@type":"WebSite","@id":"https:\/\/gunnelryner.se\/#website","url":"https:\/\/gunnelryner.se\/","name":"Gunnel Ryner","description":"Boka f\u00f6rel\u00e4sare Gunnel Ryner | Fokus p\u00e5 l\u00f6sningar &amp; styrkor","potentialAction":[{"@type":"SearchAction","target":{"@type":"EntryPoint","urlTemplate":"https:\/\/gunnelryner.se\/?s={search_term_string}"},"query-input":{"@type":"PropertyValueSpecification","valueRequired":true,"valueName":"search_term_string"}}],"inLanguage":"en-US"}]}},"_links":{"self":[{"href":"https:\/\/gunnelryner.se\/en\/wp-json\/wp\/v2\/pages\/1384","targetHints":{"allow":["GET"]}}],"collection":[{"href":"https:\/\/gunnelryner.se\/en\/wp-json\/wp\/v2\/pages"}],"about":[{"href":"https:\/\/gunnelryner.se\/en\/wp-json\/wp\/v2\/types\/page"}],"author":[{"embeddable":true,"href":"https:\/\/gunnelryner.se\/en\/wp-json\/wp\/v2\/users\/1"}],"replies":[{"embeddable":true,"href":"https:\/\/gunnelryner.se\/en\/wp-json\/wp\/v2\/comments?post=1384"}],"version-history":[{"count":5,"href":"https:\/\/gunnelryner.se\/en\/wp-json\/wp\/v2\/pages\/1384\/revisions"}],"predecessor-version":[{"id":4471,"href":"https:\/\/gunnelryner.se\/en\/wp-json\/wp\/v2\/pages\/1384\/revisions\/4471"}],"wp:featuredmedia":[{"embeddable":true,"href":"https:\/\/gunnelryner.se\/en\/wp-json\/wp\/v2\/media\/339"}],"wp:attachment":[{"href":"https:\/\/gunnelryner.se\/en\/wp-json\/wp\/v2\/media?parent=1384"}],"curies":[{"name":"wp","href":"https:\/\/api.w.org\/{rel}","templated":true}]}}