{"id":1387,"date":"2020-02-17T09:14:51","date_gmt":"2020-02-17T08:14:51","guid":{"rendered":"https:\/\/gunnelryner.se\/workshop\/"},"modified":"2022-02-16T17:08:35","modified_gmt":"2022-02-16T16:08:35","slug":"strengths-based-workshop","status":"publish","type":"page","link":"https:\/\/gunnelryner.se\/en\/strengths-based-workshop\/","title":{"rendered":"Strengths-based Workshop"},"content":{"rendered":"\n<h1 class=\"has-text-align-center has-gul-color has-text-color wp-block-heading\" id=\"strengths-based-workshop\">Strengths-based Workshop<\/h1>\n\n\n\n<hr class=\"wp-block-separator has-text-color has-background has-gul-background-color has-gul-color\"\/>\n\n\n\n<p class=\"has-text-align-center has-medium-font-size\"><strong>Find what works and do more of it!<\/strong><\/p>\n\n\n\n<p>In a strengths-based workshop your entire team or organisation is engaged in finding your strengths, success factors and good examples, and, based on what works well, come up with ideas for further development.  <br><br>The workshop methodology is based on the best practises from methods like <strong>Solution Focus<\/strong> and <strong>Appreciative Inquiry<\/strong>. It can be held separately or in combination with an inspirational talk about <a href=\"https:\/\/gunnelryner.se\/en\/speaking-training\/happiness-engagement-with-strengthsbased-development\/\"><strong>Happiness &amp; Engagement with Strengths-based development<\/strong><\/a> or <a href=\"https:\/\/gunnelryner.se\/en\/speaking-training\/strengthsbased-leadership-appreciative-leadership\/\"><strong>Strengths-based\/Appreciative Leadership<\/strong><\/a>. <br><br><strong>Appreciative Inquiry<\/strong> (AI) is a method for developing groups and organisations, originally developed in the 1980&#8217;s by David Cooperrider and Suresh Srivastva at Case Western Reserve University in Cleveland, Ohio.&nbsp;<br><br><strong>Solution Focus <\/strong>was originally developed in the 1980&#8217;s as a therapy method by Steve de Shazer&nbsp;and&nbsp;Insoo Kim Berg&nbsp;at The Brief Family Therapy Center in Milwaukee, Wisconsin. Today it&#8217;s also used with great success in coaching and in team\/organisation development.  <br><br><strong>The basic philosophy <\/strong>in both AI and Solution Focus is that everyone &#8211; individuals, groups and organisations &#8211; have something that works well. By exploring and inquiring into what&#8217;s right and good, we can get more of it. AI and Solution Focus differ from traditional, problem-oriented methods in that they explore what causes success, and find ways to do more of what works, rather than search for problems and deficits to fix. <br><br><strong>The purpose<\/strong> of a strengths-based workshop is to involve as many of the employees as possible (and sometimes also customers and other stakeholders) in contributing to development of the team and the work they do. You choose the theme for the workshop &#8211; something that your team\/organization want to develop and become even better at\/get more of. It can be anything from customer service to collaboration. <br><br><strong>The workshop can be designed<\/strong> for different time spans. It can be half a day, two half days with some time in between, or one or more full days if it&#8217;s a larger change process. To create a dynamic experience, we shift between working in pairs, in smaller groups and in the whole group. <br><br><strong>What&#8217;s the result?<\/strong>&nbsp;The appreciative approach, where you focus on what you already do right and well, and identify and explore your own good examples, creates a positive atmosphere, pride, motivation and engagement. To be involved and allowed to contribute to the continuous improvement of the organisation strengthens the employees and helps them grow and feel more engaged in the operations. The workshop usually results in a sense of pride and commitment among the participants, and lots of creative ideas for further development. These ideas also lead to action, and can be implemented fast since everyone is already on board. <br><\/p>\n\n\n\n<div style=\"height:35px\" aria-hidden=\"true\" class=\"wp-block-spacer\"><\/div>\n\n\n\n<div class=\"wp-block-group frame\"><div class=\"wp-block-group__inner-container is-layout-flow wp-block-group-is-layout-flow\">\n<figure class=\"wp-block-image size-large\"><img loading=\"lazy\" decoding=\"async\" width=\"1024\" height=\"576\" src=\"https:\/\/gunnelryner.se\/app\/uploads\/2020\/02\/24730093-zbprw-1024x576.jpg\" alt=\"Styrkebaserad workshop\" class=\"wp-image-253\" srcset=\"https:\/\/gunnelryner.se\/app\/uploads\/2020\/02\/24730093-zbprw-1024x576.jpg 1024w, https:\/\/gunnelryner.se\/app\/uploads\/2020\/02\/24730093-zbprw-300x169.jpg 300w, https:\/\/gunnelryner.se\/app\/uploads\/2020\/02\/24730093-zbprw-768x432.jpg 768w, https:\/\/gunnelryner.se\/app\/uploads\/2020\/02\/24730093-zbprw-384x216.jpg 384w, https:\/\/gunnelryner.se\/app\/uploads\/2020\/02\/24730093-zbprw-150x84.jpg 150w, https:\/\/gunnelryner.se\/app\/uploads\/2020\/02\/24730093-zbprw.jpg 1400w\" sizes=\"auto, (max-width: 1024px) 100vw, 1024px\" \/><\/figure>\n<\/div><\/div>\n\n\n\n<div style=\"height:75px\" aria-hidden=\"true\" class=\"wp-block-spacer\"><\/div>\n\n\n\n<div id=\"citat-block-block_5e4d329826ae6\" class=\"citat-block\">\n        <div class=\"citat-slider\">\n                <div class=\"slick-slide\">\n            <div class=\"citat-content\">\n                <p>&#8221; Thank you so much for the fantastic contribution you made at the CIDESCO International\u00b4s Schools &amp; Examiners meeting. I was most impressed by the way you referred to scientific research, motivated the audience and mixed it all with a great sense of humor.\u00a0I knew you would do an outstanding job and you lived up to and exceeded our expectations! &#8220;<\/p>\n                <h4>Anna-Cari Gund<\/h4>\n                <p class=\"citat-jobb-title\">President, Cidesco<\/p>\n            <\/div>\n        <\/div>\n                <div class=\"slick-slide\">\n            <div class=\"citat-content\">\n                <p>&#8221; I want to send a HUGE THANK YOU for your fantastic keynote for us at The Body Shop! YOU were very appreciated and we have started a true positive revolution in my entire district! We have come into a marvellous FLOW which can be noted both among the employees but also in our numbers! Many thanks!!!&#8221;<\/p>\n                <h4>Carina Rosenblad<\/h4>\n                <p class=\"citat-jobb-title\">District Sales Manager, The Body Shop<\/p>\n            <\/div>\n        <\/div>\n                <div class=\"slick-slide\">\n            <div class=\"citat-content\">\n                <p>&#8221; Thank you for a truly amazing keynote! We have already started to implement your ideas in the organization. For instance, we had our best staff meeting in a long time this morning, when everyone started by sharing the positive things that happened last week. Your speech couldn&#8217;t have had better timing &#8211; many thanks!&#8221;<\/p>\n                <h4>Ted Wallin<\/h4>\n                <p class=\"citat-jobb-title\">Business Director, Gambit<\/p>\n            <\/div>\n        <\/div>\n                <div class=\"slick-slide\">\n            <div class=\"citat-content\">\n                <p>&#8221; Gunnel&#8217;s inspirational keynote is one of the best I have heard. Gunnel is down-to-earth, tasteful and personal and with lots of humour she delivers spot-on truths that landed very well in our organisation. In addition to giving inspiration and joyful laughter she also gave us some simple tools to apply in our everyday work life. We have started our positive revolution! &#8220;<\/p>\n                <h4>Katarina T\u00f6rnros<\/h4>\n                <p class=\"citat-jobb-title\">Regional Manager, LRF Konsult<\/p>\n            <\/div>\n        <\/div>\n                <div class=\"slick-slide\">\n            <div class=\"citat-content\">\n                <p>&#8221; Gunnel Ryner is one of the best speakers we have hired for Kvalitetsmagasinet Live. By mixing theory and vivid examples, delivered with a great sense of humour, she helps everyone see how a positive approach can take your organization to a whole new level.&#8221;<\/p>\n                <h4>Anna Nystr\u00f6m<\/h4>\n                <p class=\"citat-jobb-title\">Chief Editor, Kvalitetsmagasinet<\/p>\n            <\/div>\n        <\/div>\n                <div class=\"slick-slide\">\n            <div class=\"citat-content\">\n                <p>&#8221; A huge THANK YOU for your incredibly energizing and positive keynote! It completely blew me away! So professional, so sweet, such an amazing talk! Your wonderful charisma and your positive message really gave me a huge energy boost. THANK YOU!!!. &#8220;<\/p>\n                <h4>Sanna Th\u00f6rnholm<\/h4>\n                <p class=\"citat-jobb-title\">Owner, Soliv H\u00e4lsof\u00f6retaget<\/p>\n            <\/div>\n        <\/div>\n                <div class=\"slick-slide\">\n            <div class=\"citat-content\">\n                <p>&#8221; Thank you for an amazing keynote and workshop, you lifted the entire team and helped us shift our focus, from getting stuck in the negative to start thinking about what works well. Already on the following Monday, some members of our staff started to share positive experiences.&#8221;<\/p>\n                <h4>Valentina Trpezanovska<\/h4>\n                <p class=\"citat-jobb-title\">Manager Omr\u00e5de Varberg, N\u00e4rsjukv\u00e5rden Halland<\/p>\n            <\/div>\n        <\/div>\n                <div class=\"slick-slide\">\n            <div class=\"citat-content\">\n                <p>&#8221; Many thanks for a great speech that gave lots of wisdom and insights to the audience! Serious parts mixed with humour, delivered in such a masterful, light-hearted way. Focusing on the positive has definitely stuck with our entire team. A+ from us all!&#8221;<\/p>\n                <h4>Sofia Sestorp<\/h4>\n                <p class=\"citat-jobb-title\">Business Manager, Kinda Ydre Sparbank<\/p>\n            <\/div>\n        <\/div>\n                <div class=\"slick-slide\">\n            <div class=\"citat-content\">\n                <p>&#8221; A nuclear power plant should of course put effort into preventing and fixing deviations, but our processes can become even better if we also include our successes in our development work. Thank you for that insight, Gunnel &#8211; you were a true source of inspiration!  &#8220;<\/p>\n                <h4>Cecilia Lindmark<\/h4>\n                <p class=\"citat-jobb-title\">Safety Engineer, Forsmark Kraftgrupp AB<\/p>\n            <\/div>\n        <\/div>\n                <div class=\"slick-slide\">\n            <div class=\"citat-content\">\n                <p>&#8221; The inspirational speech about Appreciative Leadership for our group of administrative managers was followed by a strengths-based workshop, where we explored our own good examples. A fantastic day with lots of new knowledge and the opportunity to practise and reflect. A HUGE THANK YOU, Gunnel for a CONTENT-RICH TALK and a VERY INSPIRING WORKSHOP!!!!! &#8220;<\/p>\n                <h4>Anne-Li Silberk<\/h4>\n                <p class=\"citat-jobb-title\">Administrative Manager, Link\u00f6ping University<\/p>\n            <\/div>\n        <\/div>\n            <\/div>\n    <\/div>\n\n\n<div style=\"height:50px\" aria-hidden=\"true\" class=\"wp-block-spacer\"><\/div>\n\n\n\n<div class=\"wp-block-group alignfull has-light-grey-background-color has-background\"><div class=\"wp-block-group__inner-container is-layout-flow wp-block-group-is-layout-flow\">\n<div style=\"height:50px\" aria-hidden=\"true\" class=\"wp-block-spacer\"><\/div>\n\n\n\n<div class=\"wp-block-button aligncenter\"><a class=\"wp-block-button__link has-vit-color has-neon-gron-background-color has-text-color has-background\" href=\"https:\/\/gunnelryner.se\/en\/contact\/\">Want to know more? Contact Gunnel<\/a><\/div>\n\n\n\n<div style=\"height:50px\" aria-hidden=\"true\" class=\"wp-block-spacer\"><\/div>\n<\/div><\/div>\n","protected":false},"excerpt":{"rendered":"<p>Strengths-based Workshop Find what works and do more of it! In a strengths-based workshop your entire team or organisation is engaged in finding your strengths, success factors and good examples, and, based on what works well, come up with ideas for further development. The workshop methodology is based on the best practises from methods like [&hellip;]<\/p>\n","protected":false},"author":1,"featured_media":490,"parent":0,"menu_order":0,"comment_status":"closed","ping_status":"closed","template":"","meta":{"_acf_changed":false,"footnotes":""},"class_list":["post-1387","page","type-page","status-publish","has-post-thumbnail","hentry"],"acf":[],"yoast_head":"<!-- This site is optimized with the Yoast SEO plugin v27.4 - https:\/\/yoast.com\/product\/yoast-seo-wordpress\/ -->\n<title>Strengths-based workshop | Build on strengths | Gunnel Ryner<\/title>\n<meta name=\"description\" content=\"Book a strengths-based workshop \u2013 build on what works well. Appreciative Inquiry, Solution Focus. Book a workshop with Gunnel Ryner here!\" \/>\n<meta name=\"robots\" content=\"index, follow, max-snippet:-1, max-image-preview:large, max-video-preview:-1\" \/>\n<link rel=\"canonical\" href=\"https:\/\/gunnelryner.se\/en\/strengths-based-workshop\/\" \/>\n<meta property=\"og:locale\" content=\"en_US\" \/>\n<meta property=\"og:type\" content=\"article\" \/>\n<meta property=\"og:title\" content=\"Strengths-based workshop | Build on strengths | Gunnel Ryner\" \/>\n<meta property=\"og:description\" content=\"Book a strengths-based workshop \u2013 build on what works well. Appreciative Inquiry, Solution Focus. Book a workshop with Gunnel Ryner here!\" \/>\n<meta property=\"og:url\" content=\"https:\/\/gunnelryner.se\/en\/strengths-based-workshop\/\" \/>\n<meta property=\"og:site_name\" content=\"Gunnel Ryner\" \/>\n<meta property=\"article:modified_time\" content=\"2022-02-16T16:08:35+00:00\" \/>\n<meta property=\"og:image\" content=\"https:\/\/gunnelryner.se\/app\/uploads\/2020\/02\/20191209_142328-2.jpg\" \/>\n\t<meta property=\"og:image:width\" content=\"2560\" \/>\n\t<meta property=\"og:image:height\" content=\"1440\" \/>\n\t<meta property=\"og:image:type\" content=\"image\/jpeg\" \/>\n<meta name=\"twitter:card\" content=\"summary_large_image\" \/>\n<meta name=\"twitter:label1\" content=\"Est. reading time\" \/>\n\t<meta name=\"twitter:data1\" content=\"3 minutes\" \/>\n<script type=\"application\/ld+json\" class=\"yoast-schema-graph\">{\"@context\":\"https:\\\/\\\/schema.org\",\"@graph\":[{\"@type\":\"WebPage\",\"@id\":\"https:\\\/\\\/gunnelryner.se\\\/en\\\/strengths-based-workshop\\\/\",\"url\":\"https:\\\/\\\/gunnelryner.se\\\/en\\\/strengths-based-workshop\\\/\",\"name\":\"Strengths-based workshop | Build on strengths | Gunnel Ryner\",\"isPartOf\":{\"@id\":\"https:\\\/\\\/gunnelryner.se\\\/#website\"},\"primaryImageOfPage\":{\"@id\":\"https:\\\/\\\/gunnelryner.se\\\/en\\\/strengths-based-workshop\\\/#primaryimage\"},\"image\":{\"@id\":\"https:\\\/\\\/gunnelryner.se\\\/en\\\/strengths-based-workshop\\\/#primaryimage\"},\"thumbnailUrl\":\"https:\\\/\\\/gunnelryner.se\\\/app\\\/uploads\\\/2020\\\/02\\\/20191209_142328-2.jpg\",\"datePublished\":\"2020-02-17T08:14:51+00:00\",\"dateModified\":\"2022-02-16T16:08:35+00:00\",\"description\":\"Book a strengths-based workshop \u2013 build on what works well. Appreciative Inquiry, Solution Focus. Book a workshop with Gunnel Ryner here!\",\"breadcrumb\":{\"@id\":\"https:\\\/\\\/gunnelryner.se\\\/en\\\/strengths-based-workshop\\\/#breadcrumb\"},\"inLanguage\":\"en-US\",\"potentialAction\":[{\"@type\":\"ReadAction\",\"target\":[\"https:\\\/\\\/gunnelryner.se\\\/en\\\/strengths-based-workshop\\\/\"]}]},{\"@type\":\"ImageObject\",\"inLanguage\":\"en-US\",\"@id\":\"https:\\\/\\\/gunnelryner.se\\\/en\\\/strengths-based-workshop\\\/#primaryimage\",\"url\":\"https:\\\/\\\/gunnelryner.se\\\/app\\\/uploads\\\/2020\\\/02\\\/20191209_142328-2.jpg\",\"contentUrl\":\"https:\\\/\\\/gunnelryner.se\\\/app\\\/uploads\\\/2020\\\/02\\\/20191209_142328-2.jpg\",\"width\":2560,\"height\":1440,\"caption\":\"F\u00f6rel\u00e4sare Gunnel Ryner\"},{\"@type\":\"BreadcrumbList\",\"@id\":\"https:\\\/\\\/gunnelryner.se\\\/en\\\/strengths-based-workshop\\\/#breadcrumb\",\"itemListElement\":[{\"@type\":\"ListItem\",\"position\":1,\"name\":\"Hem\",\"item\":\"https:\\\/\\\/gunnelryner.se\\\/en\\\/\"},{\"@type\":\"ListItem\",\"position\":2,\"name\":\"Strengths-based Workshop\"}]},{\"@type\":\"WebSite\",\"@id\":\"https:\\\/\\\/gunnelryner.se\\\/#website\",\"url\":\"https:\\\/\\\/gunnelryner.se\\\/\",\"name\":\"Gunnel Ryner\",\"description\":\"Boka f\u00f6rel\u00e4sare Gunnel Ryner | Fokus p\u00e5 l\u00f6sningar &amp; styrkor\",\"potentialAction\":[{\"@type\":\"SearchAction\",\"target\":{\"@type\":\"EntryPoint\",\"urlTemplate\":\"https:\\\/\\\/gunnelryner.se\\\/?s={search_term_string}\"},\"query-input\":{\"@type\":\"PropertyValueSpecification\",\"valueRequired\":true,\"valueName\":\"search_term_string\"}}],\"inLanguage\":\"en-US\"}]}<\/script>\n<!-- \/ Yoast SEO plugin. -->","yoast_head_json":{"title":"Strengths-based workshop | Build on strengths | Gunnel Ryner","description":"Book a strengths-based workshop \u2013 build on what works well. Appreciative Inquiry, Solution Focus. Book a workshop with Gunnel Ryner here!","robots":{"index":"index","follow":"follow","max-snippet":"max-snippet:-1","max-image-preview":"max-image-preview:large","max-video-preview":"max-video-preview:-1"},"canonical":"https:\/\/gunnelryner.se\/en\/strengths-based-workshop\/","og_locale":"en_US","og_type":"article","og_title":"Strengths-based workshop | Build on strengths | Gunnel Ryner","og_description":"Book a strengths-based workshop \u2013 build on what works well. Appreciative Inquiry, Solution Focus. Book a workshop with Gunnel Ryner here!","og_url":"https:\/\/gunnelryner.se\/en\/strengths-based-workshop\/","og_site_name":"Gunnel Ryner","article_modified_time":"2022-02-16T16:08:35+00:00","og_image":[{"width":2560,"height":1440,"url":"https:\/\/gunnelryner.se\/app\/uploads\/2020\/02\/20191209_142328-2.jpg","type":"image\/jpeg"}],"twitter_card":"summary_large_image","twitter_misc":{"Est. reading time":"3 minutes"},"schema":{"@context":"https:\/\/schema.org","@graph":[{"@type":"WebPage","@id":"https:\/\/gunnelryner.se\/en\/strengths-based-workshop\/","url":"https:\/\/gunnelryner.se\/en\/strengths-based-workshop\/","name":"Strengths-based workshop | Build on strengths | Gunnel Ryner","isPartOf":{"@id":"https:\/\/gunnelryner.se\/#website"},"primaryImageOfPage":{"@id":"https:\/\/gunnelryner.se\/en\/strengths-based-workshop\/#primaryimage"},"image":{"@id":"https:\/\/gunnelryner.se\/en\/strengths-based-workshop\/#primaryimage"},"thumbnailUrl":"https:\/\/gunnelryner.se\/app\/uploads\/2020\/02\/20191209_142328-2.jpg","datePublished":"2020-02-17T08:14:51+00:00","dateModified":"2022-02-16T16:08:35+00:00","description":"Book a strengths-based workshop \u2013 build on what works well. Appreciative Inquiry, Solution Focus. Book a workshop with Gunnel Ryner here!","breadcrumb":{"@id":"https:\/\/gunnelryner.se\/en\/strengths-based-workshop\/#breadcrumb"},"inLanguage":"en-US","potentialAction":[{"@type":"ReadAction","target":["https:\/\/gunnelryner.se\/en\/strengths-based-workshop\/"]}]},{"@type":"ImageObject","inLanguage":"en-US","@id":"https:\/\/gunnelryner.se\/en\/strengths-based-workshop\/#primaryimage","url":"https:\/\/gunnelryner.se\/app\/uploads\/2020\/02\/20191209_142328-2.jpg","contentUrl":"https:\/\/gunnelryner.se\/app\/uploads\/2020\/02\/20191209_142328-2.jpg","width":2560,"height":1440,"caption":"F\u00f6rel\u00e4sare Gunnel Ryner"},{"@type":"BreadcrumbList","@id":"https:\/\/gunnelryner.se\/en\/strengths-based-workshop\/#breadcrumb","itemListElement":[{"@type":"ListItem","position":1,"name":"Hem","item":"https:\/\/gunnelryner.se\/en\/"},{"@type":"ListItem","position":2,"name":"Strengths-based Workshop"}]},{"@type":"WebSite","@id":"https:\/\/gunnelryner.se\/#website","url":"https:\/\/gunnelryner.se\/","name":"Gunnel Ryner","description":"Boka f\u00f6rel\u00e4sare Gunnel Ryner | Fokus p\u00e5 l\u00f6sningar &amp; styrkor","potentialAction":[{"@type":"SearchAction","target":{"@type":"EntryPoint","urlTemplate":"https:\/\/gunnelryner.se\/?s={search_term_string}"},"query-input":{"@type":"PropertyValueSpecification","valueRequired":true,"valueName":"search_term_string"}}],"inLanguage":"en-US"}]}},"_links":{"self":[{"href":"https:\/\/gunnelryner.se\/en\/wp-json\/wp\/v2\/pages\/1387","targetHints":{"allow":["GET"]}}],"collection":[{"href":"https:\/\/gunnelryner.se\/en\/wp-json\/wp\/v2\/pages"}],"about":[{"href":"https:\/\/gunnelryner.se\/en\/wp-json\/wp\/v2\/types\/page"}],"author":[{"embeddable":true,"href":"https:\/\/gunnelryner.se\/en\/wp-json\/wp\/v2\/users\/1"}],"replies":[{"embeddable":true,"href":"https:\/\/gunnelryner.se\/en\/wp-json\/wp\/v2\/comments?post=1387"}],"version-history":[{"count":5,"href":"https:\/\/gunnelryner.se\/en\/wp-json\/wp\/v2\/pages\/1387\/revisions"}],"predecessor-version":[{"id":2344,"href":"https:\/\/gunnelryner.se\/en\/wp-json\/wp\/v2\/pages\/1387\/revisions\/2344"}],"wp:featuredmedia":[{"embeddable":true,"href":"https:\/\/gunnelryner.se\/en\/wp-json\/wp\/v2\/media\/490"}],"wp:attachment":[{"href":"https:\/\/gunnelryner.se\/en\/wp-json\/wp\/v2\/media?parent=1387"}],"curies":[{"name":"wp","href":"https:\/\/api.w.org\/{rel}","templated":true}]}}