{"id":1389,"date":"2020-02-17T09:17:08","date_gmt":"2020-02-17T08:17:08","guid":{"rendered":"https:\/\/gunnelryner.se\/kontakt\/"},"modified":"2021-10-19T20:33:41","modified_gmt":"2021-10-19T18:33:41","slug":"contact","status":"publish","type":"page","link":"https:\/\/gunnelryner.se\/en\/contact\/","title":{"rendered":"Contact"},"content":{"rendered":"\n<h1 class=\"has-text-align-center has-gul-color has-text-color wp-block-heading\">Contact<\/h1>\n\n\n\n<hr class=\"wp-block-separator has-text-color has-background has-gul-background-color has-gul-color\"\/>\n\n\n\n<p>Do you want to book me for your event or learn more about how I can help you and your organisation?<\/p>\n\n\n\n<p>Give me a call or send me an e-mail, I&#8217;ll reply as quickly as I can.<\/p>\n\n\n\n<p><strong>Phone:<\/strong> +46 708 82 46 21<br><strong>E-mail:<\/strong> gunnel@gunnelryner.com<\/p>\n\n\n\n<div style=\"height:35px\" aria-hidden=\"true\" class=\"wp-block-spacer\"><\/div>\n","protected":false},"excerpt":{"rendered":"<p>Contact Do you want to book me for your event or learn more about how I can help you and your organisation? Give me a call or send me an e-mail, I&#8217;ll reply as quickly as I can. Phone: +46 708 82 46 21E-mail: gunnel@gunnelryner.com<\/p>\n","protected":false},"author":1,"featured_media":836,"parent":0,"menu_order":0,"comment_status":"closed","ping_status":"closed","template":"","meta":{"_acf_changed":false,"footnotes":""},"class_list":["post-1389","page","type-page","status-publish","has-post-thumbnail","hentry"],"acf":[],"yoast_head":"<!-- This site is optimized with the Yoast SEO plugin v27.4 - https:\/\/yoast.com\/product\/yoast-seo-wordpress\/ -->\n<title>Contact - Gunnel Ryner<\/title>\n<meta name=\"description\" content=\"Contact Do you want to book me for your event or learn more about how I can help you and your organisation? Give me a call or send me an e-mail, I&#039;ll\" \/>\n<meta name=\"robots\" content=\"index, follow, max-snippet:-1, max-image-preview:large, max-video-preview:-1\" \/>\n<link rel=\"canonical\" href=\"https:\/\/gunnelryner.se\/en\/contact\/\" \/>\n<meta property=\"og:locale\" content=\"en_US\" \/>\n<meta property=\"og:type\" content=\"article\" \/>\n<meta property=\"og:title\" content=\"Contact - Gunnel Ryner\" \/>\n<meta property=\"og:description\" content=\"Contact Do you want to book me for your event or learn more about how I can help you and your organisation? Give me a call or send me an e-mail, I&#039;ll\" \/>\n<meta property=\"og:url\" content=\"https:\/\/gunnelryner.se\/en\/contact\/\" \/>\n<meta property=\"og:site_name\" content=\"Gunnel Ryner\" \/>\n<meta property=\"article:modified_time\" content=\"2021-10-19T18:33:41+00:00\" \/>\n<meta property=\"og:image\" content=\"https:\/\/gunnelryner.se\/app\/uploads\/2020\/03\/b0019902-edit-bred.jpg\" \/>\n\t<meta property=\"og:image:width\" content=\"2560\" \/>\n\t<meta property=\"og:image:height\" content=\"1211\" \/>\n\t<meta property=\"og:image:type\" content=\"image\/jpeg\" \/>\n<meta name=\"twitter:card\" content=\"summary_large_image\" \/>\n<meta name=\"twitter:label1\" content=\"Est. reading time\" \/>\n\t<meta name=\"twitter:data1\" content=\"1 minute\" \/>\n<script type=\"application\/ld+json\" class=\"yoast-schema-graph\">{\"@context\":\"https:\\\/\\\/schema.org\",\"@graph\":[{\"@type\":\"WebPage\",\"@id\":\"https:\\\/\\\/gunnelryner.se\\\/en\\\/contact\\\/\",\"url\":\"https:\\\/\\\/gunnelryner.se\\\/en\\\/contact\\\/\",\"name\":\"Contact - Gunnel Ryner\",\"isPartOf\":{\"@id\":\"https:\\\/\\\/gunnelryner.se\\\/#website\"},\"primaryImageOfPage\":{\"@id\":\"https:\\\/\\\/gunnelryner.se\\\/en\\\/contact\\\/#primaryimage\"},\"image\":{\"@id\":\"https:\\\/\\\/gunnelryner.se\\\/en\\\/contact\\\/#primaryimage\"},\"thumbnailUrl\":\"https:\\\/\\\/gunnelryner.se\\\/app\\\/uploads\\\/2020\\\/03\\\/b0019902-edit-bred.jpg\",\"datePublished\":\"2020-02-17T08:17:08+00:00\",\"dateModified\":\"2021-10-19T18:33:41+00:00\",\"description\":\"Contact Do you want to book me for your event or learn more about how I can help you and your organisation? Give me a call or send me an e-mail, I'll\",\"breadcrumb\":{\"@id\":\"https:\\\/\\\/gunnelryner.se\\\/en\\\/contact\\\/#breadcrumb\"},\"inLanguage\":\"en-US\",\"potentialAction\":[{\"@type\":\"ReadAction\",\"target\":[\"https:\\\/\\\/gunnelryner.se\\\/en\\\/contact\\\/\"]}]},{\"@type\":\"ImageObject\",\"inLanguage\":\"en-US\",\"@id\":\"https:\\\/\\\/gunnelryner.se\\\/en\\\/contact\\\/#primaryimage\",\"url\":\"https:\\\/\\\/gunnelryner.se\\\/app\\\/uploads\\\/2020\\\/03\\\/b0019902-edit-bred.jpg\",\"contentUrl\":\"https:\\\/\\\/gunnelryner.se\\\/app\\\/uploads\\\/2020\\\/03\\\/b0019902-edit-bred.jpg\",\"width\":2560,\"height\":1211,\"caption\":\"Gunnel Ryner\"},{\"@type\":\"BreadcrumbList\",\"@id\":\"https:\\\/\\\/gunnelryner.se\\\/en\\\/contact\\\/#breadcrumb\",\"itemListElement\":[{\"@type\":\"ListItem\",\"position\":1,\"name\":\"Hem\",\"item\":\"https:\\\/\\\/gunnelryner.se\\\/en\\\/\"},{\"@type\":\"ListItem\",\"position\":2,\"name\":\"Contact\"}]},{\"@type\":\"WebSite\",\"@id\":\"https:\\\/\\\/gunnelryner.se\\\/#website\",\"url\":\"https:\\\/\\\/gunnelryner.se\\\/\",\"name\":\"Gunnel Ryner\",\"description\":\"Boka f\u00f6rel\u00e4sare Gunnel Ryner | Fokus p\u00e5 l\u00f6sningar &amp; styrkor\",\"potentialAction\":[{\"@type\":\"SearchAction\",\"target\":{\"@type\":\"EntryPoint\",\"urlTemplate\":\"https:\\\/\\\/gunnelryner.se\\\/?s={search_term_string}\"},\"query-input\":{\"@type\":\"PropertyValueSpecification\",\"valueRequired\":true,\"valueName\":\"search_term_string\"}}],\"inLanguage\":\"en-US\"}]}<\/script>\n<!-- \/ Yoast SEO plugin. -->","yoast_head_json":{"title":"Contact - Gunnel Ryner","description":"Contact Do you want to book me for your event or learn more about how I can help you and your organisation? Give me a call or send me an e-mail, I'll","robots":{"index":"index","follow":"follow","max-snippet":"max-snippet:-1","max-image-preview":"max-image-preview:large","max-video-preview":"max-video-preview:-1"},"canonical":"https:\/\/gunnelryner.se\/en\/contact\/","og_locale":"en_US","og_type":"article","og_title":"Contact - Gunnel Ryner","og_description":"Contact Do you want to book me for your event or learn more about how I can help you and your organisation? Give me a call or send me an e-mail, I'll","og_url":"https:\/\/gunnelryner.se\/en\/contact\/","og_site_name":"Gunnel Ryner","article_modified_time":"2021-10-19T18:33:41+00:00","og_image":[{"width":2560,"height":1211,"url":"https:\/\/gunnelryner.se\/app\/uploads\/2020\/03\/b0019902-edit-bred.jpg","type":"image\/jpeg"}],"twitter_card":"summary_large_image","twitter_misc":{"Est. reading time":"1 minute"},"schema":{"@context":"https:\/\/schema.org","@graph":[{"@type":"WebPage","@id":"https:\/\/gunnelryner.se\/en\/contact\/","url":"https:\/\/gunnelryner.se\/en\/contact\/","name":"Contact - Gunnel Ryner","isPartOf":{"@id":"https:\/\/gunnelryner.se\/#website"},"primaryImageOfPage":{"@id":"https:\/\/gunnelryner.se\/en\/contact\/#primaryimage"},"image":{"@id":"https:\/\/gunnelryner.se\/en\/contact\/#primaryimage"},"thumbnailUrl":"https:\/\/gunnelryner.se\/app\/uploads\/2020\/03\/b0019902-edit-bred.jpg","datePublished":"2020-02-17T08:17:08+00:00","dateModified":"2021-10-19T18:33:41+00:00","description":"Contact Do you want to book me for your event or learn more about how I can help you and your organisation? Give me a call or send me an e-mail, I'll","breadcrumb":{"@id":"https:\/\/gunnelryner.se\/en\/contact\/#breadcrumb"},"inLanguage":"en-US","potentialAction":[{"@type":"ReadAction","target":["https:\/\/gunnelryner.se\/en\/contact\/"]}]},{"@type":"ImageObject","inLanguage":"en-US","@id":"https:\/\/gunnelryner.se\/en\/contact\/#primaryimage","url":"https:\/\/gunnelryner.se\/app\/uploads\/2020\/03\/b0019902-edit-bred.jpg","contentUrl":"https:\/\/gunnelryner.se\/app\/uploads\/2020\/03\/b0019902-edit-bred.jpg","width":2560,"height":1211,"caption":"Gunnel Ryner"},{"@type":"BreadcrumbList","@id":"https:\/\/gunnelryner.se\/en\/contact\/#breadcrumb","itemListElement":[{"@type":"ListItem","position":1,"name":"Hem","item":"https:\/\/gunnelryner.se\/en\/"},{"@type":"ListItem","position":2,"name":"Contact"}]},{"@type":"WebSite","@id":"https:\/\/gunnelryner.se\/#website","url":"https:\/\/gunnelryner.se\/","name":"Gunnel Ryner","description":"Boka f\u00f6rel\u00e4sare Gunnel Ryner | Fokus p\u00e5 l\u00f6sningar &amp; styrkor","potentialAction":[{"@type":"SearchAction","target":{"@type":"EntryPoint","urlTemplate":"https:\/\/gunnelryner.se\/?s={search_term_string}"},"query-input":{"@type":"PropertyValueSpecification","valueRequired":true,"valueName":"search_term_string"}}],"inLanguage":"en-US"}]}},"_links":{"self":[{"href":"https:\/\/gunnelryner.se\/en\/wp-json\/wp\/v2\/pages\/1389","targetHints":{"allow":["GET"]}}],"collection":[{"href":"https:\/\/gunnelryner.se\/en\/wp-json\/wp\/v2\/pages"}],"about":[{"href":"https:\/\/gunnelryner.se\/en\/wp-json\/wp\/v2\/types\/page"}],"author":[{"embeddable":true,"href":"https:\/\/gunnelryner.se\/en\/wp-json\/wp\/v2\/users\/1"}],"replies":[{"embeddable":true,"href":"https:\/\/gunnelryner.se\/en\/wp-json\/wp\/v2\/comments?post=1389"}],"version-history":[{"count":5,"href":"https:\/\/gunnelryner.se\/en\/wp-json\/wp\/v2\/pages\/1389\/revisions"}],"predecessor-version":[{"id":2238,"href":"https:\/\/gunnelryner.se\/en\/wp-json\/wp\/v2\/pages\/1389\/revisions\/2238"}],"wp:featuredmedia":[{"embeddable":true,"href":"https:\/\/gunnelryner.se\/en\/wp-json\/wp\/v2\/media\/836"}],"wp:attachment":[{"href":"https:\/\/gunnelryner.se\/en\/wp-json\/wp\/v2\/media?parent=1389"}],"curies":[{"name":"wp","href":"https:\/\/api.w.org\/{rel}","templated":true}]}}