{"id":1402,"date":"2020-02-25T11:12:01","date_gmt":"2020-02-25T10:12:01","guid":{"rendered":"https:\/\/gunnelryner.se\/pressbilder\/"},"modified":"2020-04-21T15:22:37","modified_gmt":"2020-04-21T13:22:37","slug":"images","status":"publish","type":"page","link":"https:\/\/gunnelryner.se\/en\/images\/","title":{"rendered":"Images"},"content":{"rendered":"\n<h1 class=\"has-gul-color has-text-color has-text-align-center wp-block-heading\">Images<\/h1>\n\n\n\n<hr class=\"wp-block-separator has-text-color has-background has-gul-background-color has-gul-color\"\/>\n\n\n\n<p class=\"has-text-align-center\">These images may be published in media linked to texts about Gunnel Ryner. The name of the photographer must be published in connection to the image. <\/p>\n\n\n\n<div style=\"height:25px\" aria-hidden=\"true\" class=\"wp-block-spacer\"><\/div>\n\n\n\n<p class=\"has-text-align-center\">Click on the image to download a high-resolution copy.<\/p>\n\n\n\n<figure class=\"wp-block-gallery columns-4 wp-block-gallery-1 is-layout-flex wp-block-gallery-is-layout-flex\"><ul class=\"blocks-gallery-grid\"><li class=\"blocks-gallery-item\"><figure><a href=\"https:\/\/gunnelryner.se\/en\/images\/26795663-pybak-2\/\"><img loading=\"lazy\" decoding=\"async\" width=\"1024\" height=\"683\" src=\"https:\/\/gunnelryner.se\/app\/uploads\/2020\/02\/26795663-pybak-1024x683.jpg\" alt=\"F\u00f6rel\u00e4sare Gunnel Ryner\" data-id=\"533\" data-full-url=\"https:\/\/gunnelryner.se\/app\/uploads\/2020\/02\/26795663-pybak.jpg\" data-link=\"https:\/\/gunnelryner.se\/pressbilder\/26795663-pybak\/\" class=\"wp-image-533\" srcset=\"https:\/\/gunnelryner.se\/app\/uploads\/2020\/02\/26795663-pybak-1024x683.jpg 1024w, https:\/\/gunnelryner.se\/app\/uploads\/2020\/02\/26795663-pybak-300x200.jpg 300w, https:\/\/gunnelryner.se\/app\/uploads\/2020\/02\/26795663-pybak-768x512.jpg 768w, https:\/\/gunnelryner.se\/app\/uploads\/2020\/02\/26795663-pybak-1536x1024.jpg 1536w, https:\/\/gunnelryner.se\/app\/uploads\/2020\/02\/26795663-pybak-600x400.jpg 600w, https:\/\/gunnelryner.se\/app\/uploads\/2020\/02\/26795663-pybak-150x100.jpg 150w, https:\/\/gunnelryner.se\/app\/uploads\/2020\/02\/26795663-pybak.jpg 1575w\" sizes=\"auto, (max-width: 1024px) 100vw, 1024px\" \/><\/a><\/figure><\/li><li class=\"blocks-gallery-item\"><figure><a href=\"https:\/\/gunnelryner.se\/en\/images\/26795664-yi4ds-2\/\"><img loading=\"lazy\" decoding=\"async\" width=\"1024\" height=\"683\" src=\"https:\/\/gunnelryner.se\/app\/uploads\/2020\/02\/26795664-yi4ds-1024x683.jpg\" alt=\"F\u00f6rel\u00e4sare Gunnel Ryner\" data-id=\"535\" data-full-url=\"https:\/\/gunnelryner.se\/app\/uploads\/2020\/02\/26795664-yi4ds.jpg\" data-link=\"https:\/\/gunnelryner.se\/pressbilder\/26795664-yi4ds\/\" class=\"wp-image-535\" srcset=\"https:\/\/gunnelryner.se\/app\/uploads\/2020\/02\/26795664-yi4ds-1024x683.jpg 1024w, https:\/\/gunnelryner.se\/app\/uploads\/2020\/02\/26795664-yi4ds-300x200.jpg 300w, https:\/\/gunnelryner.se\/app\/uploads\/2020\/02\/26795664-yi4ds-768x512.jpg 768w, https:\/\/gunnelryner.se\/app\/uploads\/2020\/02\/26795664-yi4ds-1536x1024.jpg 1536w, https:\/\/gunnelryner.se\/app\/uploads\/2020\/02\/26795664-yi4ds-600x400.jpg 600w, https:\/\/gunnelryner.se\/app\/uploads\/2020\/02\/26795664-yi4ds-150x100.jpg 150w, https:\/\/gunnelryner.se\/app\/uploads\/2020\/02\/26795664-yi4ds.jpg 1575w\" sizes=\"auto, (max-width: 1024px) 100vw, 1024px\" \/><\/a><\/figure><\/li><li class=\"blocks-gallery-item\"><figure><a href=\"https:\/\/gunnelryner.se\/en\/images\/26795709-0sd5n-2\/\"><img loading=\"lazy\" decoding=\"async\" width=\"1024\" height=\"512\" src=\"https:\/\/gunnelryner.se\/app\/uploads\/2020\/02\/26795709-0sd5n-1024x512.jpg\" alt=\"F\u00f6rel\u00e4sare Gunnel Ryner\" data-id=\"537\" data-full-url=\"https:\/\/gunnelryner.se\/app\/uploads\/2020\/02\/26795709-0sd5n.jpg\" data-link=\"https:\/\/gunnelryner.se\/pressbilder\/26795709-0sd5n\/\" class=\"wp-image-537\" srcset=\"https:\/\/gunnelryner.se\/app\/uploads\/2020\/02\/26795709-0sd5n-1024x512.jpg 1024w, https:\/\/gunnelryner.se\/app\/uploads\/2020\/02\/26795709-0sd5n-300x150.jpg 300w, https:\/\/gunnelryner.se\/app\/uploads\/2020\/02\/26795709-0sd5n-768x384.jpg 768w, https:\/\/gunnelryner.se\/app\/uploads\/2020\/02\/26795709-0sd5n-1536x768.jpg 1536w, https:\/\/gunnelryner.se\/app\/uploads\/2020\/02\/26795709-0sd5n-150x75.jpg 150w, https:\/\/gunnelryner.se\/app\/uploads\/2020\/02\/26795709-0sd5n.jpg 1575w\" sizes=\"auto, (max-width: 1024px) 100vw, 1024px\" \/><\/a><\/figure><\/li><li class=\"blocks-gallery-item\"><figure><a href=\"https:\/\/gunnelryner.se\/en\/images\/26898401-zdttx-2\/\"><img loading=\"lazy\" decoding=\"async\" width=\"1024\" height=\"720\" src=\"https:\/\/gunnelryner.se\/app\/uploads\/2020\/02\/26898401-zdttx-1024x720.jpg\" alt=\"F\u00f6rel\u00e4sare Gunnel Ryner\" data-id=\"539\" data-full-url=\"https:\/\/gunnelryner.se\/app\/uploads\/2020\/02\/26898401-zdttx.jpg\" data-link=\"https:\/\/gunnelryner.se\/pressbilder\/26898401-zdttx\/\" class=\"wp-image-539\" srcset=\"https:\/\/gunnelryner.se\/app\/uploads\/2020\/02\/26898401-zdttx-1024x720.jpg 1024w, https:\/\/gunnelryner.se\/app\/uploads\/2020\/02\/26898401-zdttx-300x211.jpg 300w, https:\/\/gunnelryner.se\/app\/uploads\/2020\/02\/26898401-zdttx-768x540.jpg 768w, https:\/\/gunnelryner.se\/app\/uploads\/2020\/02\/26898401-zdttx-1536x1081.jpg 1536w, https:\/\/gunnelryner.se\/app\/uploads\/2020\/02\/26898401-zdttx-2048x1441.jpg 2048w, https:\/\/gunnelryner.se\/app\/uploads\/2020\/02\/26898401-zdttx-150x106.jpg 150w\" sizes=\"auto, (max-width: 1024px) 100vw, 1024px\" \/><\/a><\/figure><\/li><li class=\"blocks-gallery-item\"><figure><a href=\"https:\/\/gunnelryner.se\/en\/images\/r-2\/\"><img loading=\"lazy\" decoding=\"async\" width=\"1024\" height=\"683\" src=\"https:\/\/gunnelryner.se\/app\/uploads\/2020\/02\/r-1024x683.jpg\" alt=\"F\u00f6rel\u00e4sare Gunnel Ryner\" data-id=\"541\" data-full-url=\"https:\/\/gunnelryner.se\/app\/uploads\/2020\/02\/r.jpg\" data-link=\"https:\/\/gunnelryner.se\/pressbilder\/r\/\" class=\"wp-image-541\" srcset=\"https:\/\/gunnelryner.se\/app\/uploads\/2020\/02\/r-1024x683.jpg 1024w, https:\/\/gunnelryner.se\/app\/uploads\/2020\/02\/r-300x200.jpg 300w, https:\/\/gunnelryner.se\/app\/uploads\/2020\/02\/r-768x512.jpg 768w, https:\/\/gunnelryner.se\/app\/uploads\/2020\/02\/r-1536x1024.jpg 1536w, https:\/\/gunnelryner.se\/app\/uploads\/2020\/02\/r-2048x1366.jpg 2048w, https:\/\/gunnelryner.se\/app\/uploads\/2020\/02\/r-600x400.jpg 600w, https:\/\/gunnelryner.se\/app\/uploads\/2020\/02\/r-150x100.jpg 150w\" sizes=\"auto, (max-width: 1024px) 100vw, 1024px\" \/><\/a><\/figure><\/li><\/ul><figcaption class=\"blocks-gallery-caption\">Photographer: Petra Kyllerman&nbsp;<\/figcaption><\/figure>\n\n\n\n<div style=\"height:50px\" aria-hidden=\"true\" class=\"wp-block-spacer\"><\/div>\n\n\n\n<figure class=\"wp-block-gallery columns-4 wp-block-gallery-2 is-layout-flex wp-block-gallery-is-layout-flex\"><ul class=\"blocks-gallery-grid\"><li class=\"blocks-gallery-item\"><figure><a href=\"https:\/\/gunnelryner.se\/en\/25202778-esa5a-2\/\"><img loading=\"lazy\" decoding=\"async\" width=\"752\" height=\"1024\" src=\"https:\/\/gunnelryner.se\/app\/uploads\/2020\/02\/25202778-esa5a-752x1024.jpg\" alt=\"\" data-id=\"551\" data-full-url=\"https:\/\/gunnelryner.se\/app\/uploads\/2020\/02\/25202778-esa5a-scaled.jpg\" data-link=\"https:\/\/gunnelryner.se\/25202778-esa5a\/\" class=\"wp-image-551\" srcset=\"https:\/\/gunnelryner.se\/app\/uploads\/2020\/02\/25202778-esa5a-752x1024.jpg 752w, https:\/\/gunnelryner.se\/app\/uploads\/2020\/02\/25202778-esa5a-220x300.jpg 220w, https:\/\/gunnelryner.se\/app\/uploads\/2020\/02\/25202778-esa5a-768x1046.jpg 768w, https:\/\/gunnelryner.se\/app\/uploads\/2020\/02\/25202778-esa5a-1128x1536.jpg 1128w, https:\/\/gunnelryner.se\/app\/uploads\/2020\/02\/25202778-esa5a-1504x2048.jpg 1504w, https:\/\/gunnelryner.se\/app\/uploads\/2020\/02\/25202778-esa5a-150x204.jpg 150w, https:\/\/gunnelryner.se\/app\/uploads\/2020\/02\/25202778-esa5a-scaled.jpg 1880w\" sizes=\"auto, (max-width: 752px) 100vw, 752px\" \/><\/a><\/figure><\/li><li class=\"blocks-gallery-item\"><figure><a href=\"https:\/\/gunnelryner.se\/en\/25202776-ugu4b-2\/\"><img loading=\"lazy\" decoding=\"async\" width=\"708\" height=\"1024\" src=\"https:\/\/gunnelryner.se\/app\/uploads\/2020\/02\/25202776-ugu4b-708x1024.jpg\" alt=\"\" data-id=\"549\" data-full-url=\"https:\/\/gunnelryner.se\/app\/uploads\/2020\/02\/25202776-ugu4b-scaled.jpg\" data-link=\"https:\/\/gunnelryner.se\/25202776-ugu4b\/\" class=\"wp-image-549\" srcset=\"https:\/\/gunnelryner.se\/app\/uploads\/2020\/02\/25202776-ugu4b-708x1024.jpg 708w, https:\/\/gunnelryner.se\/app\/uploads\/2020\/02\/25202776-ugu4b-207x300.jpg 207w, https:\/\/gunnelryner.se\/app\/uploads\/2020\/02\/25202776-ugu4b-768x1111.jpg 768w, https:\/\/gunnelryner.se\/app\/uploads\/2020\/02\/25202776-ugu4b-1061x1536.jpg 1061w, https:\/\/gunnelryner.se\/app\/uploads\/2020\/02\/25202776-ugu4b-1415x2048.jpg 1415w, https:\/\/gunnelryner.se\/app\/uploads\/2020\/02\/25202776-ugu4b-150x217.jpg 150w, https:\/\/gunnelryner.se\/app\/uploads\/2020\/02\/25202776-ugu4b-scaled.jpg 1769w\" sizes=\"auto, (max-width: 708px) 100vw, 708px\" \/><\/a><\/figure><\/li><li class=\"blocks-gallery-item\"><figure><a href=\"https:\/\/gunnelryner.se\/en\/25202781-qbxdj-2\/\"><img loading=\"lazy\" decoding=\"async\" width=\"865\" height=\"1024\" src=\"https:\/\/gunnelryner.se\/app\/uploads\/2020\/02\/25202781-qbxdj-865x1024.jpg\" alt=\"\" data-id=\"555\" data-full-url=\"https:\/\/gunnelryner.se\/app\/uploads\/2020\/02\/25202781-qbxdj-scaled.jpg\" data-link=\"https:\/\/gunnelryner.se\/25202781-qbxdj\/\" class=\"wp-image-555\" srcset=\"https:\/\/gunnelryner.se\/app\/uploads\/2020\/02\/25202781-qbxdj-865x1024.jpg 865w, https:\/\/gunnelryner.se\/app\/uploads\/2020\/02\/25202781-qbxdj-253x300.jpg 253w, https:\/\/gunnelryner.se\/app\/uploads\/2020\/02\/25202781-qbxdj-768x910.jpg 768w, https:\/\/gunnelryner.se\/app\/uploads\/2020\/02\/25202781-qbxdj-1297x1536.jpg 1297w, https:\/\/gunnelryner.se\/app\/uploads\/2020\/02\/25202781-qbxdj-1729x2048.jpg 1729w, https:\/\/gunnelryner.se\/app\/uploads\/2020\/02\/25202781-qbxdj-150x178.jpg 150w\" sizes=\"auto, (max-width: 865px) 100vw, 865px\" \/><\/a><\/figure><\/li><li class=\"blocks-gallery-item\"><figure><a href=\"https:\/\/gunnelryner.se\/en\/25202779-xdwgt-2\/\"><img loading=\"lazy\" decoding=\"async\" width=\"1024\" height=\"710\" src=\"https:\/\/gunnelryner.se\/app\/uploads\/2020\/02\/25202779-xdwgt-1024x710.jpg\" alt=\"\" data-id=\"553\" data-full-url=\"https:\/\/gunnelryner.se\/app\/uploads\/2020\/02\/25202779-xdwgt-scaled.jpg\" data-link=\"https:\/\/gunnelryner.se\/25202779-xdwgt\/\" class=\"wp-image-553\" srcset=\"https:\/\/gunnelryner.se\/app\/uploads\/2020\/02\/25202779-xdwgt-1024x710.jpg 1024w, https:\/\/gunnelryner.se\/app\/uploads\/2020\/02\/25202779-xdwgt-300x208.jpg 300w, https:\/\/gunnelryner.se\/app\/uploads\/2020\/02\/25202779-xdwgt-768x533.jpg 768w, https:\/\/gunnelryner.se\/app\/uploads\/2020\/02\/25202779-xdwgt-1536x1065.jpg 1536w, https:\/\/gunnelryner.se\/app\/uploads\/2020\/02\/25202779-xdwgt-2048x1420.jpg 2048w, https:\/\/gunnelryner.se\/app\/uploads\/2020\/02\/25202779-xdwgt-150x104.jpg 150w\" sizes=\"auto, (max-width: 1024px) 100vw, 1024px\" \/><\/a><\/figure><\/li><li class=\"blocks-gallery-item\"><figure><a href=\"https:\/\/gunnelryner.se\/en\/24883669-egxks-2\/\"><img loading=\"lazy\" decoding=\"async\" width=\"768\" height=\"1024\" src=\"https:\/\/gunnelryner.se\/app\/uploads\/2020\/02\/24883669-egxks-768x1024.jpg\" alt=\"\" data-id=\"547\" data-full-url=\"https:\/\/gunnelryner.se\/app\/uploads\/2020\/02\/24883669-egxks.jpg\" data-link=\"https:\/\/gunnelryner.se\/24883669-egxks\/\" class=\"wp-image-547\" srcset=\"https:\/\/gunnelryner.se\/app\/uploads\/2020\/02\/24883669-egxks-768x1024.jpg 768w, https:\/\/gunnelryner.se\/app\/uploads\/2020\/02\/24883669-egxks-225x300.jpg 225w, https:\/\/gunnelryner.se\/app\/uploads\/2020\/02\/24883669-egxks-150x200.jpg 150w, https:\/\/gunnelryner.se\/app\/uploads\/2020\/02\/24883669-egxks.jpg 1050w\" sizes=\"auto, (max-width: 768px) 100vw, 768px\" \/><\/a><\/figure><\/li><li class=\"blocks-gallery-item\"><figure><a href=\"https:\/\/gunnelryner.se\/en\/24883666-9qxna-2\/\"><img loading=\"lazy\" decoding=\"async\" width=\"768\" height=\"1024\" src=\"https:\/\/gunnelryner.se\/app\/uploads\/2020\/02\/24883666-9qxna-768x1024.jpg\" alt=\"\" data-id=\"545\" data-full-url=\"https:\/\/gunnelryner.se\/app\/uploads\/2020\/02\/24883666-9qxna.jpg\" data-link=\"https:\/\/gunnelryner.se\/24883666-9qxna\/\" class=\"wp-image-545\" srcset=\"https:\/\/gunnelryner.se\/app\/uploads\/2020\/02\/24883666-9qxna-768x1024.jpg 768w, https:\/\/gunnelryner.se\/app\/uploads\/2020\/02\/24883666-9qxna-225x300.jpg 225w, https:\/\/gunnelryner.se\/app\/uploads\/2020\/02\/24883666-9qxna-150x200.jpg 150w, https:\/\/gunnelryner.se\/app\/uploads\/2020\/02\/24883666-9qxna.jpg 1050w\" sizes=\"auto, (max-width: 768px) 100vw, 768px\" \/><\/a><\/figure><\/li><li class=\"blocks-gallery-item\"><figure><a href=\"https:\/\/gunnelryner.se\/en\/24883664-zzeqr-2\/\"><img loading=\"lazy\" decoding=\"async\" width=\"1024\" height=\"768\" src=\"https:\/\/gunnelryner.se\/app\/uploads\/2020\/02\/24883664-zzeqr-1024x768.jpg\" alt=\"\" data-id=\"543\" data-full-url=\"https:\/\/gunnelryner.se\/app\/uploads\/2020\/02\/24883664-zzeqr.jpg\" data-link=\"https:\/\/gunnelryner.se\/24883664-zzeqr\/\" class=\"wp-image-543\" srcset=\"https:\/\/gunnelryner.se\/app\/uploads\/2020\/02\/24883664-zzeqr-1024x768.jpg 1024w, https:\/\/gunnelryner.se\/app\/uploads\/2020\/02\/24883664-zzeqr-300x225.jpg 300w, https:\/\/gunnelryner.se\/app\/uploads\/2020\/02\/24883664-zzeqr-768x576.jpg 768w, https:\/\/gunnelryner.se\/app\/uploads\/2020\/02\/24883664-zzeqr-150x113.jpg 150w, https:\/\/gunnelryner.se\/app\/uploads\/2020\/02\/24883664-zzeqr.jpg 1400w\" sizes=\"auto, (max-width: 1024px) 100vw, 1024px\" \/><\/a><\/figure><\/li><\/ul><figcaption class=\"blocks-gallery-caption\">Photographer: Satu Knape&nbsp;<\/figcaption><\/figure>\n\n\n\n<div style=\"height:50px\" aria-hidden=\"true\" class=\"wp-block-spacer\"><\/div>\n\n\n\n<div style=\"height:100px\" aria-hidden=\"true\" class=\"wp-block-spacer\"><\/div>\n\n\n\n<figure class=\"wp-block-gallery columns-3 wp-block-gallery-3 is-layout-flex wp-block-gallery-is-layout-flex\"><ul class=\"blocks-gallery-grid\"><li class=\"blocks-gallery-item\"><figure><a href=\"https:\/\/gunnelryner.se\/en\/portratt-2-2\/\"><img loading=\"lazy\" decoding=\"async\" width=\"682\" height=\"1024\" src=\"https:\/\/gunnelryner.se\/app\/uploads\/2020\/02\/20385221-qwhf4-682x1024.jpg\" alt=\"Portr\u00e4tt  Gunnel Ryner\" data-id=\"572\" data-full-url=\"https:\/\/gunnelryner.se\/app\/uploads\/2020\/02\/20385221-qwhf4.jpg\" data-link=\"https:\/\/gunnelryner.se\/portratt-2\/\" class=\"wp-image-572\" srcset=\"https:\/\/gunnelryner.se\/app\/uploads\/2020\/02\/20385221-qwhf4-682x1024.jpg 682w, https:\/\/gunnelryner.se\/app\/uploads\/2020\/02\/20385221-qwhf4-200x300.jpg 200w, https:\/\/gunnelryner.se\/app\/uploads\/2020\/02\/20385221-qwhf4-768x1152.jpg 768w, https:\/\/gunnelryner.se\/app\/uploads\/2020\/02\/20385221-qwhf4-150x225.jpg 150w, https:\/\/gunnelryner.se\/app\/uploads\/2020\/02\/20385221-qwhf4.jpg 933w\" sizes=\"auto, (max-width: 682px) 100vw, 682px\" \/><\/a><\/figure><\/li><li class=\"blocks-gallery-item\"><figure><a href=\"https:\/\/gunnelryner.se\/en\/portratt-2\/\"><img loading=\"lazy\" decoding=\"async\" width=\"682\" height=\"1024\" src=\"https:\/\/gunnelryner.se\/app\/uploads\/2020\/02\/20385214-8hbat-682x1024.jpg\" alt=\"Portr\u00e4tt  Gunnel Ryner\" data-id=\"570\" data-full-url=\"https:\/\/gunnelryner.se\/app\/uploads\/2020\/02\/20385214-8hbat.jpg\" data-link=\"https:\/\/gunnelryner.se\/portratt\/\" class=\"wp-image-570\" srcset=\"https:\/\/gunnelryner.se\/app\/uploads\/2020\/02\/20385214-8hbat-682x1024.jpg 682w, https:\/\/gunnelryner.se\/app\/uploads\/2020\/02\/20385214-8hbat-200x300.jpg 200w, https:\/\/gunnelryner.se\/app\/uploads\/2020\/02\/20385214-8hbat-768x1152.jpg 768w, https:\/\/gunnelryner.se\/app\/uploads\/2020\/02\/20385214-8hbat-150x225.jpg 150w, https:\/\/gunnelryner.se\/app\/uploads\/2020\/02\/20385214-8hbat.jpg 933w\" sizes=\"auto, (max-width: 682px) 100vw, 682px\" \/><\/a><\/figure><\/li><li class=\"blocks-gallery-item\"><figure><a href=\"https:\/\/gunnelryner.se\/en\/emmy-jonsson-2\/\"><img loading=\"lazy\" decoding=\"async\" width=\"682\" height=\"1024\" src=\"https:\/\/gunnelryner.se\/app\/uploads\/2020\/02\/20385209-er4up-682x1024.jpg\" alt=\"F\u00f6rel\u00e4sare Gunnel Ryner\" data-id=\"566\" data-full-url=\"https:\/\/gunnelryner.se\/app\/uploads\/2020\/02\/20385209-er4up.jpg\" data-link=\"https:\/\/gunnelryner.se\/emmy-jonsson\/\" class=\"wp-image-566\" srcset=\"https:\/\/gunnelryner.se\/app\/uploads\/2020\/02\/20385209-er4up-682x1024.jpg 682w, https:\/\/gunnelryner.se\/app\/uploads\/2020\/02\/20385209-er4up-200x300.jpg 200w, https:\/\/gunnelryner.se\/app\/uploads\/2020\/02\/20385209-er4up-768x1152.jpg 768w, https:\/\/gunnelryner.se\/app\/uploads\/2020\/02\/20385209-er4up-150x225.jpg 150w, https:\/\/gunnelryner.se\/app\/uploads\/2020\/02\/20385209-er4up.jpg 933w\" sizes=\"auto, (max-width: 682px) 100vw, 682px\" \/><\/a><\/figure><\/li><li class=\"blocks-gallery-item\"><figure><a href=\"https:\/\/gunnelryner.se\/en\/emmy-jonsson-2-2\/\"><img loading=\"lazy\" decoding=\"async\" width=\"1024\" height=\"682\" src=\"https:\/\/gunnelryner.se\/app\/uploads\/2020\/02\/20385211-ktzuw-1024x682.jpg\" alt=\"F\u00f6rel\u00e4sare Gunnel Ryner\" data-id=\"568\" data-full-url=\"https:\/\/gunnelryner.se\/app\/uploads\/2020\/02\/20385211-ktzuw.jpg\" data-link=\"https:\/\/gunnelryner.se\/emmy-jonsson-2\/\" class=\"wp-image-568\" srcset=\"https:\/\/gunnelryner.se\/app\/uploads\/2020\/02\/20385211-ktzuw-1024x682.jpg 1024w, https:\/\/gunnelryner.se\/app\/uploads\/2020\/02\/20385211-ktzuw-300x200.jpg 300w, https:\/\/gunnelryner.se\/app\/uploads\/2020\/02\/20385211-ktzuw-768x512.jpg 768w, https:\/\/gunnelryner.se\/app\/uploads\/2020\/02\/20385211-ktzuw-600x400.jpg 600w, https:\/\/gunnelryner.se\/app\/uploads\/2020\/02\/20385211-ktzuw-150x100.jpg 150w, https:\/\/gunnelryner.se\/app\/uploads\/2020\/02\/20385211-ktzuw.jpg 1400w\" sizes=\"auto, (max-width: 1024px) 100vw, 1024px\" \/><\/a><\/figure><\/li><li class=\"blocks-gallery-item\"><figure><a href=\"https:\/\/gunnelryner.se\/en\/portratt-3-2\/\"><img loading=\"lazy\" decoding=\"async\" width=\"1024\" height=\"682\" src=\"https:\/\/gunnelryner.se\/app\/uploads\/2020\/02\/20385224-kh1tz-1024x682.jpg\" alt=\"Portr\u00e4tt  Gunnel Ryner\" data-id=\"574\" data-full-url=\"https:\/\/gunnelryner.se\/app\/uploads\/2020\/02\/20385224-kh1tz.jpg\" data-link=\"https:\/\/gunnelryner.se\/portratt-3\/\" class=\"wp-image-574\" srcset=\"https:\/\/gunnelryner.se\/app\/uploads\/2020\/02\/20385224-kh1tz-1024x682.jpg 1024w, https:\/\/gunnelryner.se\/app\/uploads\/2020\/02\/20385224-kh1tz-300x200.jpg 300w, https:\/\/gunnelryner.se\/app\/uploads\/2020\/02\/20385224-kh1tz-768x512.jpg 768w, https:\/\/gunnelryner.se\/app\/uploads\/2020\/02\/20385224-kh1tz-600x400.jpg 600w, https:\/\/gunnelryner.se\/app\/uploads\/2020\/02\/20385224-kh1tz-150x100.jpg 150w, https:\/\/gunnelryner.se\/app\/uploads\/2020\/02\/20385224-kh1tz.jpg 1400w\" sizes=\"auto, (max-width: 1024px) 100vw, 1024px\" \/><\/a><\/figure><\/li><\/ul><figcaption class=\"blocks-gallery-caption\">Photographer stage images: Emmy Jonsson. &nbsp;Photographer portraits: Anna Sigvardsson<\/figcaption><\/figure>\n","protected":false},"excerpt":{"rendered":"<p>Images These images may be published in media linked to texts about Gunnel Ryner. The name of the photographer must be published in connection to the image. Click on the image to download a high-resolution copy.<\/p>\n","protected":false},"author":1,"featured_media":0,"parent":0,"menu_order":0,"comment_status":"closed","ping_status":"closed","template":"tmpl_undersida-noimage.php","meta":{"_acf_changed":false,"footnotes":""},"class_list":["post-1402","page","type-page","status-publish","hentry"],"acf":[],"yoast_head":"<!-- This site is optimized with the Yoast SEO plugin v27.4 - https:\/\/yoast.com\/product\/yoast-seo-wordpress\/ -->\n<title>Images - Gunnel Ryner<\/title>\n<meta name=\"description\" content=\"Images These images may be published in media linked to texts about Gunnel Ryner. The name of the photographer must be published in connection to the\" \/>\n<meta name=\"robots\" content=\"index, follow, max-snippet:-1, max-image-preview:large, max-video-preview:-1\" \/>\n<link rel=\"canonical\" href=\"https:\/\/gunnelryner.se\/en\/images\/\" \/>\n<meta property=\"og:locale\" content=\"en_US\" \/>\n<meta property=\"og:type\" content=\"article\" \/>\n<meta property=\"og:title\" content=\"Images - Gunnel Ryner\" \/>\n<meta property=\"og:description\" content=\"Images These images may be published in media linked to texts about Gunnel Ryner. The name of the photographer must be published in connection to the\" \/>\n<meta property=\"og:url\" content=\"https:\/\/gunnelryner.se\/en\/images\/\" \/>\n<meta property=\"og:site_name\" content=\"Gunnel Ryner\" \/>\n<meta property=\"article:modified_time\" content=\"2020-04-21T13:22:37+00:00\" \/>\n<meta property=\"og:image\" content=\"https:\/\/gunnelryner.se\/app\/uploads\/2020\/02\/26795663-pybak-1024x683.jpg\" \/>\n<meta name=\"twitter:card\" content=\"summary_large_image\" \/>\n<script type=\"application\/ld+json\" class=\"yoast-schema-graph\">{\"@context\":\"https:\\\/\\\/schema.org\",\"@graph\":[{\"@type\":\"WebPage\",\"@id\":\"https:\\\/\\\/gunnelryner.se\\\/en\\\/images\\\/\",\"url\":\"https:\\\/\\\/gunnelryner.se\\\/en\\\/images\\\/\",\"name\":\"Images - Gunnel Ryner\",\"isPartOf\":{\"@id\":\"https:\\\/\\\/gunnelryner.se\\\/#website\"},\"primaryImageOfPage\":{\"@id\":\"https:\\\/\\\/gunnelryner.se\\\/en\\\/images\\\/#primaryimage\"},\"image\":{\"@id\":\"https:\\\/\\\/gunnelryner.se\\\/en\\\/images\\\/#primaryimage\"},\"thumbnailUrl\":\"https:\\\/\\\/gunnelryner.se\\\/app\\\/uploads\\\/2020\\\/02\\\/26795663-pybak-1024x683.jpg\",\"datePublished\":\"2020-02-25T10:12:01+00:00\",\"dateModified\":\"2020-04-21T13:22:37+00:00\",\"description\":\"Images These images may be published in media linked to texts about Gunnel Ryner. The name of the photographer must be published in connection to the\",\"breadcrumb\":{\"@id\":\"https:\\\/\\\/gunnelryner.se\\\/en\\\/images\\\/#breadcrumb\"},\"inLanguage\":\"en-US\",\"potentialAction\":[{\"@type\":\"ReadAction\",\"target\":[\"https:\\\/\\\/gunnelryner.se\\\/en\\\/images\\\/\"]}]},{\"@type\":\"ImageObject\",\"inLanguage\":\"en-US\",\"@id\":\"https:\\\/\\\/gunnelryner.se\\\/en\\\/images\\\/#primaryimage\",\"url\":\"https:\\\/\\\/gunnelryner.se\\\/app\\\/uploads\\\/2020\\\/02\\\/26795663-pybak-1024x683.jpg\",\"contentUrl\":\"https:\\\/\\\/gunnelryner.se\\\/app\\\/uploads\\\/2020\\\/02\\\/26795663-pybak-1024x683.jpg\"},{\"@type\":\"BreadcrumbList\",\"@id\":\"https:\\\/\\\/gunnelryner.se\\\/en\\\/images\\\/#breadcrumb\",\"itemListElement\":[{\"@type\":\"ListItem\",\"position\":1,\"name\":\"Hem\",\"item\":\"https:\\\/\\\/gunnelryner.se\\\/en\\\/\"},{\"@type\":\"ListItem\",\"position\":2,\"name\":\"Images\"}]},{\"@type\":\"WebSite\",\"@id\":\"https:\\\/\\\/gunnelryner.se\\\/#website\",\"url\":\"https:\\\/\\\/gunnelryner.se\\\/\",\"name\":\"Gunnel Ryner\",\"description\":\"Boka f\u00f6rel\u00e4sare Gunnel Ryner | Fokus p\u00e5 l\u00f6sningar &amp; styrkor\",\"potentialAction\":[{\"@type\":\"SearchAction\",\"target\":{\"@type\":\"EntryPoint\",\"urlTemplate\":\"https:\\\/\\\/gunnelryner.se\\\/?s={search_term_string}\"},\"query-input\":{\"@type\":\"PropertyValueSpecification\",\"valueRequired\":true,\"valueName\":\"search_term_string\"}}],\"inLanguage\":\"en-US\"}]}<\/script>\n<!-- \/ Yoast SEO plugin. -->","yoast_head_json":{"title":"Images - Gunnel Ryner","description":"Images These images may be published in media linked to texts about Gunnel Ryner. The name of the photographer must be published in connection to the","robots":{"index":"index","follow":"follow","max-snippet":"max-snippet:-1","max-image-preview":"max-image-preview:large","max-video-preview":"max-video-preview:-1"},"canonical":"https:\/\/gunnelryner.se\/en\/images\/","og_locale":"en_US","og_type":"article","og_title":"Images - Gunnel Ryner","og_description":"Images These images may be published in media linked to texts about Gunnel Ryner. The name of the photographer must be published in connection to the","og_url":"https:\/\/gunnelryner.se\/en\/images\/","og_site_name":"Gunnel Ryner","article_modified_time":"2020-04-21T13:22:37+00:00","og_image":[{"url":"https:\/\/gunnelryner.se\/app\/uploads\/2020\/02\/26795663-pybak-1024x683.jpg","type":"","width":"","height":""}],"twitter_card":"summary_large_image","schema":{"@context":"https:\/\/schema.org","@graph":[{"@type":"WebPage","@id":"https:\/\/gunnelryner.se\/en\/images\/","url":"https:\/\/gunnelryner.se\/en\/images\/","name":"Images - Gunnel Ryner","isPartOf":{"@id":"https:\/\/gunnelryner.se\/#website"},"primaryImageOfPage":{"@id":"https:\/\/gunnelryner.se\/en\/images\/#primaryimage"},"image":{"@id":"https:\/\/gunnelryner.se\/en\/images\/#primaryimage"},"thumbnailUrl":"https:\/\/gunnelryner.se\/app\/uploads\/2020\/02\/26795663-pybak-1024x683.jpg","datePublished":"2020-02-25T10:12:01+00:00","dateModified":"2020-04-21T13:22:37+00:00","description":"Images These images may be published in media linked to texts about Gunnel Ryner. The name of the photographer must be published in connection to the","breadcrumb":{"@id":"https:\/\/gunnelryner.se\/en\/images\/#breadcrumb"},"inLanguage":"en-US","potentialAction":[{"@type":"ReadAction","target":["https:\/\/gunnelryner.se\/en\/images\/"]}]},{"@type":"ImageObject","inLanguage":"en-US","@id":"https:\/\/gunnelryner.se\/en\/images\/#primaryimage","url":"https:\/\/gunnelryner.se\/app\/uploads\/2020\/02\/26795663-pybak-1024x683.jpg","contentUrl":"https:\/\/gunnelryner.se\/app\/uploads\/2020\/02\/26795663-pybak-1024x683.jpg"},{"@type":"BreadcrumbList","@id":"https:\/\/gunnelryner.se\/en\/images\/#breadcrumb","itemListElement":[{"@type":"ListItem","position":1,"name":"Hem","item":"https:\/\/gunnelryner.se\/en\/"},{"@type":"ListItem","position":2,"name":"Images"}]},{"@type":"WebSite","@id":"https:\/\/gunnelryner.se\/#website","url":"https:\/\/gunnelryner.se\/","name":"Gunnel Ryner","description":"Boka f\u00f6rel\u00e4sare Gunnel Ryner | Fokus p\u00e5 l\u00f6sningar &amp; styrkor","potentialAction":[{"@type":"SearchAction","target":{"@type":"EntryPoint","urlTemplate":"https:\/\/gunnelryner.se\/?s={search_term_string}"},"query-input":{"@type":"PropertyValueSpecification","valueRequired":true,"valueName":"search_term_string"}}],"inLanguage":"en-US"}]}},"_links":{"self":[{"href":"https:\/\/gunnelryner.se\/en\/wp-json\/wp\/v2\/pages\/1402","targetHints":{"allow":["GET"]}}],"collection":[{"href":"https:\/\/gunnelryner.se\/en\/wp-json\/wp\/v2\/pages"}],"about":[{"href":"https:\/\/gunnelryner.se\/en\/wp-json\/wp\/v2\/types\/page"}],"author":[{"embeddable":true,"href":"https:\/\/gunnelryner.se\/en\/wp-json\/wp\/v2\/users\/1"}],"replies":[{"embeddable":true,"href":"https:\/\/gunnelryner.se\/en\/wp-json\/wp\/v2\/comments?post=1402"}],"version-history":[{"count":4,"href":"https:\/\/gunnelryner.se\/en\/wp-json\/wp\/v2\/pages\/1402\/revisions"}],"predecessor-version":[{"id":1550,"href":"https:\/\/gunnelryner.se\/en\/wp-json\/wp\/v2\/pages\/1402\/revisions\/1550"}],"wp:attachment":[{"href":"https:\/\/gunnelryner.se\/en\/wp-json\/wp\/v2\/media?parent=1402"}],"curies":[{"name":"wp","href":"https:\/\/api.w.org\/{rel}","templated":true}]}}